{"id":84469,"date":"2022-05-31T09:40:48","date_gmt":"2022-05-31T07:40:48","guid":{"rendered":"https:\/\/renewable-carbon.eu\/publications\/?post_type=product&#038;p=84469"},"modified":"2022-05-31T09:47:47","modified_gmt":"2022-05-31T07:47:47","slug":"die-neue-tugend-kunststoff-im-kreislauf-pdf","status":"publish","type":"product","link":"https:\/\/renewable-carbon.eu\/publications\/product\/die-neue-tugend-kunststoff-im-kreislauf-pdf\/","title":{"rendered":"Die neue Tugend: Kunststoff im Kreislauf (PDF)"},"content":{"rendered":"<p>Rohstoffe werden knapp, sowohl Metalle wie auch Mineralien. Nur erneuerbarer Kohlenstoff ist praktisch unbegrenzt verf\u00fcgbar. Daher werden Kunststoffe in Zukunft noch wichtiger sein als heute, und deshalb m\u00fcssen sie so nachhaltig wie m\u00f6glich gestaltet werden: aus erneuerbarem Kohlenstoff und voll recycelbar.<\/p>\n","protected":false},"excerpt":{"rendered":"<p>Rohstoffe werden knapp, sowohl Metalle wie auch Mineralien. Nur erneuerbarer Kohlenstoff ist praktisch unbegrenzt verf\u00fcgbar. Daher werden Kunststoffe in Zukunft noch wichtiger sein als heute, und deshalb m\u00fcssen sie so nachhaltig wie m\u00f6glich gestaltet werden: aus erneuerbarem Kohlenstoff und voll recycelbar.<\/p>\n","protected":false},"featured_media":84470,"template":"","meta":{"qubely_global_settings":"","qubely_interactions":"","_seopress_robots_primary_cat":"none","_uag_custom_page_level_css":""},"product_brand":[],"product_cat":[47,48,49],"product_tag":[343],"renewable-carbon":[64,65,66],"publication-type":[70],"class_list":{"0":"post-84469","1":"product","2":"type-product","3":"status-publish","4":"has-post-thumbnail","6":"product_cat-markets","7":"product_cat-policy","8":"product_cat-sustainability","9":"product_tag-tugendkunststoffkreislauf","10":"renewable-carbon-bio-based","11":"renewable-carbon-co2-based","12":"renewable-carbon-recycling","13":"publication-type-reports","15":"first","16":"instock","17":"downloadable","18":"virtual","19":"sold-individually","20":"product-type-simple"},"bundle_layout":"","bundled_by":[],"bundled_items":[],"uagb_featured_image_src":{"full":["https:\/\/renewable-carbon.eu\/publications\/wp-content\/uploads\/2022\/05\/22-05-Die-neue-Tugend-\u2013-Kunststoff-im-Kreislauf-Umweltmagazin-Michael-Carus-thumbnail.png",679,960,false],"thumbnail":["https:\/\/renewable-carbon.eu\/publications\/wp-content\/uploads\/2022\/05\/22-05-Die-neue-Tugend-\u2013-Kunststoff-im-Kreislauf-Umweltmagazin-Michael-Carus-thumbnail-106x150.png",106,150,true],"medium":["https:\/\/renewable-carbon.eu\/publications\/wp-content\/uploads\/2022\/05\/22-05-Die-neue-Tugend-\u2013-Kunststoff-im-Kreislauf-Umweltmagazin-Michael-Carus-thumbnail-212x300.png",212,300,true],"medium_large":["https:\/\/renewable-carbon.eu\/publications\/wp-content\/uploads\/2022\/05\/22-05-Die-neue-Tugend-\u2013-Kunststoff-im-Kreislauf-Umweltmagazin-Michael-Carus-thumbnail.png",679,960,false],"large":["https:\/\/renewable-carbon.eu\/publications\/wp-content\/uploads\/2022\/05\/22-05-Die-neue-Tugend-\u2013-Kunststoff-im-Kreislauf-Umweltmagazin-Michael-Carus-thumbnail.png",679,960,false],"1536x1536":["https:\/\/renewable-carbon.eu\/publications\/wp-content\/uploads\/2022\/05\/22-05-Die-neue-Tugend-\u2013-Kunststoff-im-Kreislauf-Umweltmagazin-Michael-Carus-thumbnail.png",679,960,false],"2048x2048":["https:\/\/renewable-carbon.eu\/publications\/wp-content\/uploads\/2022\/05\/22-05-Die-neue-Tugend-\u2013-Kunststoff-im-Kreislauf-Umweltmagazin-Michael-Carus-thumbnail.png",679,960,false],"qubely_landscape":["https:\/\/renewable-carbon.eu\/publications\/wp-content\/uploads\/2022\/05\/22-05-Die-neue-Tugend-\u2013-Kunststoff-im-Kreislauf-Umweltmagazin-Michael-Carus-thumbnail-679x750.png",679,750,true],"qubely_portrait":["https:\/\/renewable-carbon.eu\/publications\/wp-content\/uploads\/2022\/05\/22-05-Die-neue-Tugend-\u2013-Kunststoff-im-Kreislauf-Umweltmagazin-Michael-Carus-thumbnail-540x320.png",540,320,true],"qubely_thumbnail":["https:\/\/renewable-carbon.eu\/publications\/wp-content\/uploads\/2022\/05\/22-05-Die-neue-Tugend-\u2013-Kunststoff-im-Kreislauf-Umweltmagazin-Michael-Carus-thumbnail-140x100.png",140,100,true],"mega-menu":["https:\/\/renewable-carbon.eu\/publications\/wp-content\/uploads\/2022\/05\/22-05-Die-neue-Tugend-\u2013-Kunststoff-im-Kreislauf-Umweltmagazin-Michael-Carus-thumbnail-191x270.png",191,270,true],"blog-teaser":["https:\/\/renewable-carbon.eu\/publications\/wp-content\/uploads\/2022\/05\/22-05-Die-neue-Tugend-\u2013-Kunststoff-im-Kreislauf-Umweltmagazin-Michael-Carus-thumbnail-380x245.png",380,245,true],"woocommerce_thumbnail":["https:\/\/renewable-carbon.eu\/publications\/wp-content\/uploads\/2022\/05\/22-05-Die-neue-Tugend-\u2013-Kunststoff-im-Kreislauf-Umweltmagazin-Michael-Carus-thumbnail-100x141.png",100,141,true],"woocommerce_single":["https:\/\/renewable-carbon.eu\/publications\/wp-content\/uploads\/2022\/05\/22-05-Die-neue-Tugend-\u2013-Kunststoff-im-Kreislauf-Umweltmagazin-Michael-Carus-thumbnail.png",679,960,false],"woocommerce_gallery_thumbnail":["https:\/\/renewable-carbon.eu\/publications\/wp-content\/uploads\/2022\/05\/22-05-Die-neue-Tugend-\u2013-Kunststoff-im-Kreislauf-Umweltmagazin-Michael-Carus-thumbnail-200x200.png",200,200,true],"sow-carousel-default":["https:\/\/renewable-carbon.eu\/publications\/wp-content\/uploads\/2022\/05\/22-05-Die-neue-Tugend-\u2013-Kunststoff-im-Kreislauf-Umweltmagazin-Michael-Carus-thumbnail-272x182.png",272,182,true]},"uagb_author_info":{"display_name":"Dominik Vogt","author_link":"https:\/\/renewable-carbon.eu\/publications\/author\/"},"uagb_comment_info":0,"uagb_excerpt":"Rohstoffe werden knapp, sowohl Metalle wie auch Mineralien. Nur erneuerbarer Kohlenstoff ist praktisch unbegrenzt verf\u00fcgbar. Daher werden Kunststoffe in Zukunft noch wichtiger sein als heute, und deshalb m\u00fcssen sie so nachhaltig wie m\u00f6glich gestaltet werden: aus erneuerbarem Kohlenstoff und voll recycelbar.","_links":{"self":[{"href":"https:\/\/renewable-carbon.eu\/publications\/wp-json\/wp\/v2\/product\/84469","targetHints":{"allow":["GET"]}}],"collection":[{"href":"https:\/\/renewable-carbon.eu\/publications\/wp-json\/wp\/v2\/product"}],"about":[{"href":"https:\/\/renewable-carbon.eu\/publications\/wp-json\/wp\/v2\/types\/product"}],"wp:featuredmedia":[{"embeddable":true,"href":"https:\/\/renewable-carbon.eu\/publications\/wp-json\/wp\/v2\/media\/84470"}],"wp:attachment":[{"href":"https:\/\/renewable-carbon.eu\/publications\/wp-json\/wp\/v2\/media?parent=84469"}],"wp:term":[{"taxonomy":"product_brand","embeddable":true,"href":"https:\/\/renewable-carbon.eu\/publications\/wp-json\/wp\/v2\/product_brand?post=84469"},{"taxonomy":"product_cat","embeddable":true,"href":"https:\/\/renewable-carbon.eu\/publications\/wp-json\/wp\/v2\/product_cat?post=84469"},{"taxonomy":"product_tag","embeddable":true,"href":"https:\/\/renewable-carbon.eu\/publications\/wp-json\/wp\/v2\/product_tag?post=84469"},{"taxonomy":"renewable-carbon","embeddable":true,"href":"https:\/\/renewable-carbon.eu\/publications\/wp-json\/wp\/v2\/renewable-carbon?post=84469"},{"taxonomy":"publication-type","embeddable":true,"href":"https:\/\/renewable-carbon.eu\/publications\/wp-json\/wp\/v2\/publication-type?post=84469"}],"curies":[{"name":"wp","href":"https:\/\/api.w.org\/{rel}","templated":true}]}}