{"id":65172,"date":"2022-01-19T17:05:12","date_gmt":"2022-01-19T16:05:12","guid":{"rendered":"https:\/\/renewable-carbon.eu\/publications\/?post_type=product&#038;p=65172"},"modified":"2022-06-02T12:40:26","modified_gmt":"2022-06-02T10:40:26","slug":"chemisches-recycling-technologie-der-zukunft-pdf","status":"publish","type":"product","link":"https:\/\/renewable-carbon.eu\/publications\/product\/chemisches-recycling-technologie-der-zukunft-pdf\/","title":{"rendered":"Chemisches Recycling &#8211; Technologie der Zukunft? (PDF)"},"content":{"rendered":"","protected":false},"excerpt":{"rendered":"<p>In einem komplement\u00e4ren Ansatz liefert chemisches Recycling zus\u00e4tzliche Optionen, die das derzeitige Recyclingsystem verbessern und erweitern k\u00f6nnen.<\/p>\n","protected":false},"featured_media":65185,"template":"","meta":{"qubely_global_settings":"","qubely_interactions":"","_seopress_robots_primary_cat":"none","_uag_custom_page_level_css":""},"product_brand":[],"product_cat":[50],"product_tag":[348,250],"renewable-carbon":[66],"publication-type":[70],"class_list":{"0":"post-65172","1":"product","2":"type-product","3":"status-publish","4":"has-post-thumbnail","6":"product_cat-technology","7":"product_tag-advancedrecycling","8":"product_tag-trchemicalrecycling2020","9":"renewable-carbon-recycling","10":"publication-type-reports","12":"first","13":"instock","14":"downloadable","15":"virtual","16":"sold-individually","17":"product-type-simple"},"bundle_layout":"","bundled_by":[],"bundled_items":[],"uagb_featured_image_src":{"full":["https:\/\/renewable-carbon.eu\/publications\/wp-content\/uploads\/2022\/01\/cover-chemisches-recycling.png",744,1052,false],"thumbnail":["https:\/\/renewable-carbon.eu\/publications\/wp-content\/uploads\/2022\/01\/cover-chemisches-recycling-106x150.png",106,150,true],"medium":["https:\/\/renewable-carbon.eu\/publications\/wp-content\/uploads\/2022\/01\/cover-chemisches-recycling-212x300.png",212,300,true],"medium_large":["https:\/\/renewable-carbon.eu\/publications\/wp-content\/uploads\/2022\/01\/cover-chemisches-recycling.png",744,1052,false],"large":["https:\/\/renewable-carbon.eu\/publications\/wp-content\/uploads\/2022\/01\/cover-chemisches-recycling-679x960.png",679,960,true],"1536x1536":["https:\/\/renewable-carbon.eu\/publications\/wp-content\/uploads\/2022\/01\/cover-chemisches-recycling.png",744,1052,false],"2048x2048":["https:\/\/renewable-carbon.eu\/publications\/wp-content\/uploads\/2022\/01\/cover-chemisches-recycling.png",744,1052,false],"qubely_landscape":["https:\/\/renewable-carbon.eu\/publications\/wp-content\/uploads\/2022\/01\/cover-chemisches-recycling-744x750.png",744,750,true],"qubely_portrait":["https:\/\/renewable-carbon.eu\/publications\/wp-content\/uploads\/2022\/01\/cover-chemisches-recycling-540x320.png",540,320,true],"qubely_thumbnail":["https:\/\/renewable-carbon.eu\/publications\/wp-content\/uploads\/2022\/01\/cover-chemisches-recycling-140x100.png",140,100,true],"mega-menu":["https:\/\/renewable-carbon.eu\/publications\/wp-content\/uploads\/2022\/01\/cover-chemisches-recycling-191x270.png",191,270,true],"blog-teaser":["https:\/\/renewable-carbon.eu\/publications\/wp-content\/uploads\/2022\/01\/cover-chemisches-recycling-380x245.png",380,245,true],"woocommerce_thumbnail":["https:\/\/renewable-carbon.eu\/publications\/wp-content\/uploads\/2022\/01\/cover-chemisches-recycling-100x141.png",100,141,true],"woocommerce_single":["https:\/\/renewable-carbon.eu\/publications\/wp-content\/uploads\/2022\/01\/cover-chemisches-recycling.png",744,1052,false],"woocommerce_gallery_thumbnail":["https:\/\/renewable-carbon.eu\/publications\/wp-content\/uploads\/2022\/01\/cover-chemisches-recycling-200x200.png",200,200,true],"sow-carousel-default":["https:\/\/renewable-carbon.eu\/publications\/wp-content\/uploads\/2022\/01\/cover-chemisches-recycling-272x182.png",272,182,true]},"uagb_author_info":{"display_name":"Dominik Vogt","author_link":"https:\/\/renewable-carbon.eu\/publications\/author\/"},"uagb_comment_info":0,"uagb_excerpt":"In einem komplement\u00e4ren Ansatz liefert chemisches Recycling zus\u00e4tzliche Optionen, die das derzeitige Recyclingsystem verbessern und erweitern k\u00f6nnen.","_links":{"self":[{"href":"https:\/\/renewable-carbon.eu\/publications\/wp-json\/wp\/v2\/product\/65172","targetHints":{"allow":["GET"]}}],"collection":[{"href":"https:\/\/renewable-carbon.eu\/publications\/wp-json\/wp\/v2\/product"}],"about":[{"href":"https:\/\/renewable-carbon.eu\/publications\/wp-json\/wp\/v2\/types\/product"}],"wp:featuredmedia":[{"embeddable":true,"href":"https:\/\/renewable-carbon.eu\/publications\/wp-json\/wp\/v2\/media\/65185"}],"wp:attachment":[{"href":"https:\/\/renewable-carbon.eu\/publications\/wp-json\/wp\/v2\/media?parent=65172"}],"wp:term":[{"taxonomy":"product_brand","embeddable":true,"href":"https:\/\/renewable-carbon.eu\/publications\/wp-json\/wp\/v2\/product_brand?post=65172"},{"taxonomy":"product_cat","embeddable":true,"href":"https:\/\/renewable-carbon.eu\/publications\/wp-json\/wp\/v2\/product_cat?post=65172"},{"taxonomy":"product_tag","embeddable":true,"href":"https:\/\/renewable-carbon.eu\/publications\/wp-json\/wp\/v2\/product_tag?post=65172"},{"taxonomy":"renewable-carbon","embeddable":true,"href":"https:\/\/renewable-carbon.eu\/publications\/wp-json\/wp\/v2\/renewable-carbon?post=65172"},{"taxonomy":"publication-type","embeddable":true,"href":"https:\/\/renewable-carbon.eu\/publications\/wp-json\/wp\/v2\/publication-type?post=65172"}],"curies":[{"name":"wp","href":"https:\/\/api.w.org\/{rel}","templated":true}]}}