{"id":53370,"date":"2021-11-11T13:03:08","date_gmt":"2021-11-11T12:03:08","guid":{"rendered":"https:\/\/renewable-carbon.eu\/publications\/?post_type=product&#038;p=53370"},"modified":"2021-11-22T08:30:02","modified_gmt":"2021-11-22T07:30:02","slug":"studie-biookonomie-potenziale-im-rheinischen-revier-industrie-und-verwertung-pdf","status":"publish","type":"product","link":"https:\/\/renewable-carbon.eu\/publications\/product\/studie-biookonomie-potenziale-im-rheinischen-revier-industrie-und-verwertung-pdf\/","title":{"rendered":"Studie Bio\u00f6konomie: Potenziale im Rheinischen Revier &#8211; Industrie und Verwertung (PDF)"},"content":{"rendered":"<p>Eine Transformation der Wirtschaftsweise mit nachhaltigen, biobasierten Methoden er\u00f6ffnet der Industrie einmalige Chancen f\u00fcr den Strukturwandel im Rheinischen Revier. Doch wie genau sehen die Besch\u00e4ftigungseffekte, Ums\u00e4tze sowie die Relevanz regionaler Industrie-Sektoren f\u00fcr eine biobasierte Wertsch\u00f6pfung im Einzelnen aus?<\/p>\n<p>Das nova-Institut hat im Auftrag der Strukturwandelinitiative Bio\u00f6konomieREVIER hierzu eine Studie vorgelegt. Sie beleuchtet qualitative und quantitative Potenziale der Industrien in der Region. Diese erste Bestandsaufnahme zeigt, dass die regionale Sektorenvielfalt f\u00f6rderlich sein wird f\u00fcr die Etablierung neuer, branchen\u00fcbergreifender Wertsch\u00f6pfungsketten.<\/p>\n","protected":false},"excerpt":{"rendered":"<p>Eine Transformation der Wirtschaftsweise mit nachhaltigen, biobasierten Methoden er\u00f6ffnet der Industrie einmalige Chancen f\u00fcr den Strukturwandel im Rheinischen Revier. Doch wie genau sehen die Besch\u00e4ftigungseffekte, Ums\u00e4tze sowie die Relevanz regionaler Industrie-Sektoren f\u00fcr eine biobasierte Wertsch\u00f6pfung im Einzelnen aus?<\/p>\n<p>Das nova-Institut hat im Auftrag der Strukturwandelinitiative Bio\u00f6konomieREVIER hierzu eine Studie vorgelegt. Sie beleuchtet qualitative und quantitative Potenziale der Industrien in der Region. Diese erste Bestandsaufnahme zeigt, dass die regionale Sektorenvielfalt f\u00f6rderlich sein wird f\u00fcr die Etablierung neuer, branchen\u00fcbergreifender Wertsch\u00f6pfungsketten.<\/p>\n","protected":false},"featured_media":53372,"template":"","meta":{"qubely_global_settings":"","qubely_interactions":"","_seopress_robots_primary_cat":"none","_uag_custom_page_level_css":""},"product_brand":[],"product_cat":[47,50],"product_tag":[327],"renewable-carbon":[64],"publication-type":[70],"class_list":{"0":"post-53370","1":"product","2":"type-product","3":"status-publish","4":"has-post-thumbnail","6":"product_cat-markets","7":"product_cat-technology","8":"product_tag-biookonomierevier","9":"renewable-carbon-bio-based","10":"publication-type-reports","12":"first","13":"instock","14":"downloadable","15":"virtual","16":"sold-individually","17":"product-type-simple"},"bundle_layout":"","bundled_by":[],"bundled_items":[],"uagb_featured_image_src":{"full":["https:\/\/renewable-carbon.eu\/publications\/wp-content\/uploads\/2021\/11\/BiooekonomieREVIER_Industrie_u_Verwertung_Thumbnail.png",679,960,false],"thumbnail":["https:\/\/renewable-carbon.eu\/publications\/wp-content\/uploads\/2021\/11\/BiooekonomieREVIER_Industrie_u_Verwertung_Thumbnail-106x150.png",106,150,true],"medium":["https:\/\/renewable-carbon.eu\/publications\/wp-content\/uploads\/2021\/11\/BiooekonomieREVIER_Industrie_u_Verwertung_Thumbnail-212x300.png",212,300,true],"medium_large":["https:\/\/renewable-carbon.eu\/publications\/wp-content\/uploads\/2021\/11\/BiooekonomieREVIER_Industrie_u_Verwertung_Thumbnail.png",679,960,false],"large":["https:\/\/renewable-carbon.eu\/publications\/wp-content\/uploads\/2021\/11\/BiooekonomieREVIER_Industrie_u_Verwertung_Thumbnail.png",679,960,false],"1536x1536":["https:\/\/renewable-carbon.eu\/publications\/wp-content\/uploads\/2021\/11\/BiooekonomieREVIER_Industrie_u_Verwertung_Thumbnail.png",679,960,false],"2048x2048":["https:\/\/renewable-carbon.eu\/publications\/wp-content\/uploads\/2021\/11\/BiooekonomieREVIER_Industrie_u_Verwertung_Thumbnail.png",679,960,false],"qubely_landscape":["https:\/\/renewable-carbon.eu\/publications\/wp-content\/uploads\/2021\/11\/BiooekonomieREVIER_Industrie_u_Verwertung_Thumbnail-679x750.png",679,750,true],"qubely_portrait":["https:\/\/renewable-carbon.eu\/publications\/wp-content\/uploads\/2021\/11\/BiooekonomieREVIER_Industrie_u_Verwertung_Thumbnail-540x320.png",540,320,true],"qubely_thumbnail":["https:\/\/renewable-carbon.eu\/publications\/wp-content\/uploads\/2021\/11\/BiooekonomieREVIER_Industrie_u_Verwertung_Thumbnail-140x100.png",140,100,true],"mega-menu":["https:\/\/renewable-carbon.eu\/publications\/wp-content\/uploads\/2021\/11\/BiooekonomieREVIER_Industrie_u_Verwertung_Thumbnail-191x270.png",191,270,true],"blog-teaser":["https:\/\/renewable-carbon.eu\/publications\/wp-content\/uploads\/2021\/11\/BiooekonomieREVIER_Industrie_u_Verwertung_Thumbnail-380x245.png",380,245,true],"woocommerce_thumbnail":["https:\/\/renewable-carbon.eu\/publications\/wp-content\/uploads\/2021\/11\/BiooekonomieREVIER_Industrie_u_Verwertung_Thumbnail-100x141.png",100,141,true],"woocommerce_single":["https:\/\/renewable-carbon.eu\/publications\/wp-content\/uploads\/2021\/11\/BiooekonomieREVIER_Industrie_u_Verwertung_Thumbnail.png",679,960,false],"woocommerce_gallery_thumbnail":["https:\/\/renewable-carbon.eu\/publications\/wp-content\/uploads\/2021\/11\/BiooekonomieREVIER_Industrie_u_Verwertung_Thumbnail-200x200.png",200,200,true],"sow-carousel-default":["https:\/\/renewable-carbon.eu\/publications\/wp-content\/uploads\/2021\/11\/BiooekonomieREVIER_Industrie_u_Verwertung_Thumbnail-272x182.png",272,182,true]},"uagb_author_info":{"display_name":"Dominik Vogt","author_link":"https:\/\/renewable-carbon.eu\/publications\/author\/"},"uagb_comment_info":0,"uagb_excerpt":"Eine Transformation der Wirtschaftsweise mit nachhaltigen, biobasierten Methoden er\u00f6ffnet der Industrie einmalige Chancen f\u00fcr den Strukturwandel im Rheinischen Revier. Doch wie genau sehen die Besch\u00e4ftigungseffekte, Ums\u00e4tze sowie die Relevanz regionaler Industrie-Sektoren f\u00fcr eine biobasierte Wertsch\u00f6pfung im Einzelnen aus? Das nova-Institut hat im Auftrag der Strukturwandelinitiative Bio\u00f6konomieREVIER hierzu eine Studie vorgelegt. Sie beleuchtet qualitative und quantitative&hellip;","_links":{"self":[{"href":"https:\/\/renewable-carbon.eu\/publications\/wp-json\/wp\/v2\/product\/53370","targetHints":{"allow":["GET"]}}],"collection":[{"href":"https:\/\/renewable-carbon.eu\/publications\/wp-json\/wp\/v2\/product"}],"about":[{"href":"https:\/\/renewable-carbon.eu\/publications\/wp-json\/wp\/v2\/types\/product"}],"wp:featuredmedia":[{"embeddable":true,"href":"https:\/\/renewable-carbon.eu\/publications\/wp-json\/wp\/v2\/media\/53372"}],"wp:attachment":[{"href":"https:\/\/renewable-carbon.eu\/publications\/wp-json\/wp\/v2\/media?parent=53370"}],"wp:term":[{"taxonomy":"product_brand","embeddable":true,"href":"https:\/\/renewable-carbon.eu\/publications\/wp-json\/wp\/v2\/product_brand?post=53370"},{"taxonomy":"product_cat","embeddable":true,"href":"https:\/\/renewable-carbon.eu\/publications\/wp-json\/wp\/v2\/product_cat?post=53370"},{"taxonomy":"product_tag","embeddable":true,"href":"https:\/\/renewable-carbon.eu\/publications\/wp-json\/wp\/v2\/product_tag?post=53370"},{"taxonomy":"renewable-carbon","embeddable":true,"href":"https:\/\/renewable-carbon.eu\/publications\/wp-json\/wp\/v2\/renewable-carbon?post=53370"},{"taxonomy":"publication-type","embeddable":true,"href":"https:\/\/renewable-carbon.eu\/publications\/wp-json\/wp\/v2\/publication-type?post=53370"}],"curies":[{"name":"wp","href":"https:\/\/api.w.org\/{rel}","templated":true}]}}