{"id":336422,"date":"2025-07-24T14:26:38","date_gmt":"2025-07-24T12:26:38","guid":{"rendered":"https:\/\/renewable-carbon.eu\/publications\/?post_type=product&#038;p=336422"},"modified":"2025-07-25T09:15:22","modified_gmt":"2025-07-25T07:15:22","slug":"die-fossile-falle-warum-die-defossilisierung-der-chemie-unverzichtbar-und-machbar-ist-pdf","status":"publish","type":"product","link":"https:\/\/renewable-carbon.eu\/publications\/product\/die-fossile-falle-warum-die-defossilisierung-der-chemie-unverzichtbar-und-machbar-ist-pdf\/","title":{"rendered":"Die fossile Falle: Warum die Defossilisierung der Chemie unverzichtbar \u2013 und machbar \u2013 ist! (PDF)"},"content":{"rendered":"<p>&nbsp;<\/p>\n<p>&nbsp;<\/p>\n","protected":false},"excerpt":{"rendered":"<p class=\"p1\">Wie kommen wir raus aus der fossilen Falle, aus der fossilen Abh\u00e4ngigkeit und Verwundbarkeit? Langfristig kann Recycling zusammen mit biogenem Kohlenstoff und CO<span class=\"s1\">\u2082<\/span>\u00a0den fossilen Kohlenstoff aus Erd\u00f6l oder Erdgas als Rohstoff f\u00fcr die Kunststoffproduktion komplett ersetzen. So kann die Europ\u00e4ische Union unabh\u00e4ngig von fossilen Kohlenstoffimporten werden und ihre Widerstandsf\u00e4higkeit und Wettbewerbsf\u00e4higkeit steigern. Daf\u00fcr ist es entscheidend, die \u00dcbergangsphase politisch klug und rasch zu<\/p>\n<p class=\"p1\">gestalten, damit die Transformation der Chemieindustrie in Europa gelingt \u2013 schlie\u00dflich ist Europa die Ursprungsregion der modernen Chemie. Nur so kann vermieden werden, dass die EU in der fossilen Sackgasse stecken bleibt, w\u00e4hrend anderen Regionen die Transformation gelingt.<\/p>\n","protected":false},"featured_media":336426,"template":"","meta":{"qubely_global_settings":"","qubely_interactions":"","_seopress_robots_primary_cat":"none","_uag_custom_page_level_css":""},"product_brand":[],"product_cat":[47,48,50],"product_tag":[458],"renewable-carbon":[65],"publication-type":[70,72],"class_list":{"0":"post-336422","1":"product","2":"type-product","3":"status-publish","4":"has-post-thumbnail","6":"product_cat-markets","7":"product_cat-policy","8":"product_cat-technology","9":"product_tag-nova_240725","10":"renewable-carbon-co2-based","11":"publication-type-reports","12":"publication-type-nova-papers","14":"first","15":"instock","16":"downloadable","17":"virtual","18":"sold-individually","19":"product-type-simple"},"bundle_layout":"","bundled_by":[],"bundled_items":[],"uagb_featured_image_src":{"full":["https:\/\/renewable-carbon.eu\/publications\/wp-content\/uploads\/2025\/07\/25-07-24-Die-fossile-Falle-thumbnail.png",678,960,false],"thumbnail":["https:\/\/renewable-carbon.eu\/publications\/wp-content\/uploads\/2025\/07\/25-07-24-Die-fossile-Falle-thumbnail-106x150.png",106,150,true],"medium":["https:\/\/renewable-carbon.eu\/publications\/wp-content\/uploads\/2025\/07\/25-07-24-Die-fossile-Falle-thumbnail-212x300.png",212,300,true],"medium_large":["https:\/\/renewable-carbon.eu\/publications\/wp-content\/uploads\/2025\/07\/25-07-24-Die-fossile-Falle-thumbnail.png",678,960,false],"large":["https:\/\/renewable-carbon.eu\/publications\/wp-content\/uploads\/2025\/07\/25-07-24-Die-fossile-Falle-thumbnail.png",678,960,false],"1536x1536":["https:\/\/renewable-carbon.eu\/publications\/wp-content\/uploads\/2025\/07\/25-07-24-Die-fossile-Falle-thumbnail.png",678,960,false],"2048x2048":["https:\/\/renewable-carbon.eu\/publications\/wp-content\/uploads\/2025\/07\/25-07-24-Die-fossile-Falle-thumbnail.png",678,960,false],"qubely_landscape":["https:\/\/renewable-carbon.eu\/publications\/wp-content\/uploads\/2025\/07\/25-07-24-Die-fossile-Falle-thumbnail-678x750.png",678,750,true],"qubely_portrait":["https:\/\/renewable-carbon.eu\/publications\/wp-content\/uploads\/2025\/07\/25-07-24-Die-fossile-Falle-thumbnail-540x320.png",540,320,true],"qubely_thumbnail":["https:\/\/renewable-carbon.eu\/publications\/wp-content\/uploads\/2025\/07\/25-07-24-Die-fossile-Falle-thumbnail-140x100.png",140,100,true],"mega-menu":["https:\/\/renewable-carbon.eu\/publications\/wp-content\/uploads\/2025\/07\/25-07-24-Die-fossile-Falle-thumbnail-191x270.png",191,270,true],"blog-teaser":["https:\/\/renewable-carbon.eu\/publications\/wp-content\/uploads\/2025\/07\/25-07-24-Die-fossile-Falle-thumbnail-380x245.png",380,245,true],"woocommerce_thumbnail":["https:\/\/renewable-carbon.eu\/publications\/wp-content\/uploads\/2025\/07\/25-07-24-Die-fossile-Falle-thumbnail.png",678,960,false],"woocommerce_single":["https:\/\/renewable-carbon.eu\/publications\/wp-content\/uploads\/2025\/07\/25-07-24-Die-fossile-Falle-thumbnail.png",678,960,false],"woocommerce_gallery_thumbnail":["https:\/\/renewable-carbon.eu\/publications\/wp-content\/uploads\/2025\/07\/25-07-24-Die-fossile-Falle-thumbnail-200x200.png",200,200,true],"sow-carousel-default":["https:\/\/renewable-carbon.eu\/publications\/wp-content\/uploads\/2025\/07\/25-07-24-Die-fossile-Falle-thumbnail-272x182.png",272,182,true]},"uagb_author_info":{"display_name":"Dominik Vogt","author_link":"https:\/\/renewable-carbon.eu\/publications\/author\/"},"uagb_comment_info":0,"uagb_excerpt":"Wie kommen wir raus aus der fossilen Falle, aus der fossilen Abh\u00e4ngigkeit und Verwundbarkeit? Langfristig kann Recycling zusammen mit biogenem Kohlenstoff und CO\u2082\u00a0den fossilen Kohlenstoff aus Erd\u00f6l oder Erdgas als Rohstoff f\u00fcr die Kunststoffproduktion komplett ersetzen. So kann die Europ\u00e4ische Union unabh\u00e4ngig von fossilen Kohlenstoffimporten werden und ihre Widerstandsf\u00e4higkeit und Wettbewerbsf\u00e4higkeit steigern. Daf\u00fcr ist es&hellip;","_links":{"self":[{"href":"https:\/\/renewable-carbon.eu\/publications\/wp-json\/wp\/v2\/product\/336422","targetHints":{"allow":["GET"]}}],"collection":[{"href":"https:\/\/renewable-carbon.eu\/publications\/wp-json\/wp\/v2\/product"}],"about":[{"href":"https:\/\/renewable-carbon.eu\/publications\/wp-json\/wp\/v2\/types\/product"}],"wp:featuredmedia":[{"embeddable":true,"href":"https:\/\/renewable-carbon.eu\/publications\/wp-json\/wp\/v2\/media\/336426"}],"wp:attachment":[{"href":"https:\/\/renewable-carbon.eu\/publications\/wp-json\/wp\/v2\/media?parent=336422"}],"wp:term":[{"taxonomy":"product_brand","embeddable":true,"href":"https:\/\/renewable-carbon.eu\/publications\/wp-json\/wp\/v2\/product_brand?post=336422"},{"taxonomy":"product_cat","embeddable":true,"href":"https:\/\/renewable-carbon.eu\/publications\/wp-json\/wp\/v2\/product_cat?post=336422"},{"taxonomy":"product_tag","embeddable":true,"href":"https:\/\/renewable-carbon.eu\/publications\/wp-json\/wp\/v2\/product_tag?post=336422"},{"taxonomy":"renewable-carbon","embeddable":true,"href":"https:\/\/renewable-carbon.eu\/publications\/wp-json\/wp\/v2\/renewable-carbon?post=336422"},{"taxonomy":"publication-type","embeddable":true,"href":"https:\/\/renewable-carbon.eu\/publications\/wp-json\/wp\/v2\/publication-type?post=336422"}],"curies":[{"name":"wp","href":"https:\/\/api.w.org\/{rel}","templated":true}]}}