{"id":276078,"date":"2024-12-04T09:40:19","date_gmt":"2024-12-04T08:40:19","guid":{"rendered":"https:\/\/renewable-carbon.eu\/publications\/?post_type=product&#038;p=276078"},"modified":"2025-06-04T15:33:10","modified_gmt":"2025-06-04T13:33:10","slug":"alternatives-naphtha-den-kreislauf-fur-kunststoffe-und-reifen-schliesen-pyrolyseol-als-chemischer-rohstoff-gastbeitrag-teil-3-pdf","status":"publish","type":"product","link":"https:\/\/renewable-carbon.eu\/publications\/product\/alternatives-naphtha-den-kreislauf-fur-kunststoffe-und-reifen-schliesen-pyrolyseol-als-chemischer-rohstoff-gastbeitrag-teil-3-pdf\/","title":{"rendered":"Alternatives Naphtha \u2013 Den Kreislauf f\u00fcr Kunststoffe und Reifen schlie\u00dfen: Pyrolyse\u00f6l als chemischer Rohstoff (Gastbeitrag Teil 3) (PDF)"},"content":{"rendered":"","protected":false},"excerpt":{"rendered":"<p>In den beiden vorangegangenen Artikeln dieser Serie wurde das Konzept des alternativen Naphthas als Ersatz fu\u0308r fossile Rohstoffe in Raffinerien und Steamcrackern vorgestellt. In diesem dritten Artikel konzentriert sich die Diskussion auf Pyrolyse\u00f6l, das durch chemisches Recycling von Kunststoffabf\u00e4llen und Reifen gewonnen wird, und warum dies ein wichtiges \u201ealternatives Naphtha\u201c fu\u0308r Raffinerien und Steamcracker ist.<\/p>\n<p>Relevante Anteile erneuerbarer Chemikalien und Polymere sind ohne \u201ealternatives Naphtha\u201c nicht m\u00f6glich. Ohne eine Abkehr von fossilem Naphtha wird es keine signifikante Defossilisierung des Chemiesektors geben.<\/p>\n<p>Dieser Artikel ist im Rahmen einer Serie von Gastbeitr\u00e4gen im CHEManager erschienen. Es handelt sich um \u201eAlternatives Naphtha Teil 3\u201c \u2013 aus CHEManager 11\/2024.<\/p>\n<p><a href=\"https:\/\/www.chemanager-online.com\/news\/alternatives-naphtha-1\" target=\"_blank\" rel=\"noopener\">Hier finden sie den Artikel auch bei CHEManager.<\/a><\/p>\n<p>&nbsp;<\/p>\n","protected":false},"featured_media":276089,"template":"","meta":{"qubely_global_settings":"","qubely_interactions":"","_seopress_robots_primary_cat":"none","_uag_custom_page_level_css":""},"product_brand":[],"product_cat":[47,50],"product_tag":[405],"renewable-carbon":[64,65],"publication-type":[70],"class_list":{"0":"post-276078","1":"product","2":"type-product","3":"status-publish","4":"has-post-thumbnail","6":"product_cat-markets","7":"product_cat-technology","8":"product_tag-naphtha24","9":"pa_licence-single","10":"pa_licence-enterprise","11":"renewable-carbon-bio-based","12":"renewable-carbon-co2-based","13":"publication-type-reports","15":"first","16":"instock","17":"downloadable","18":"virtual","19":"sold-individually","20":"product-type-simple"},"bundle_layout":"","bundled_by":[],"bundled_items":[],"uagb_featured_image_src":{"full":["https:\/\/renewable-carbon.eu\/publications\/wp-content\/uploads\/2024\/12\/Bildschirmfoto-2024-12-04-um-09.43.45.png",878,1268,false],"thumbnail":["https:\/\/renewable-carbon.eu\/publications\/wp-content\/uploads\/2024\/12\/Bildschirmfoto-2024-12-04-um-09.43.45-104x150.png",104,150,true],"medium":["https:\/\/renewable-carbon.eu\/publications\/wp-content\/uploads\/2024\/12\/Bildschirmfoto-2024-12-04-um-09.43.45-208x300.png",208,300,true],"medium_large":["https:\/\/renewable-carbon.eu\/publications\/wp-content\/uploads\/2024\/12\/Bildschirmfoto-2024-12-04-um-09.43.45-768x1109.png",768,1109,true],"large":["https:\/\/renewable-carbon.eu\/publications\/wp-content\/uploads\/2024\/12\/Bildschirmfoto-2024-12-04-um-09.43.45-665x960.png",665,960,true],"1536x1536":["https:\/\/renewable-carbon.eu\/publications\/wp-content\/uploads\/2024\/12\/Bildschirmfoto-2024-12-04-um-09.43.45.png",878,1268,false],"2048x2048":["https:\/\/renewable-carbon.eu\/publications\/wp-content\/uploads\/2024\/12\/Bildschirmfoto-2024-12-04-um-09.43.45.png",878,1268,false],"qubely_landscape":["https:\/\/renewable-carbon.eu\/publications\/wp-content\/uploads\/2024\/12\/Bildschirmfoto-2024-12-04-um-09.43.45-878x750.png",878,750,true],"qubely_portrait":["https:\/\/renewable-carbon.eu\/publications\/wp-content\/uploads\/2024\/12\/Bildschirmfoto-2024-12-04-um-09.43.45-540x320.png",540,320,true],"qubely_thumbnail":["https:\/\/renewable-carbon.eu\/publications\/wp-content\/uploads\/2024\/12\/Bildschirmfoto-2024-12-04-um-09.43.45-140x100.png",140,100,true],"mega-menu":["https:\/\/renewable-carbon.eu\/publications\/wp-content\/uploads\/2024\/12\/Bildschirmfoto-2024-12-04-um-09.43.45-187x270.png",187,270,true],"blog-teaser":["https:\/\/renewable-carbon.eu\/publications\/wp-content\/uploads\/2024\/12\/Bildschirmfoto-2024-12-04-um-09.43.45-380x245.png",380,245,true],"woocommerce_thumbnail":["https:\/\/renewable-carbon.eu\/publications\/wp-content\/uploads\/2024\/12\/Bildschirmfoto-2024-12-04-um-09.43.45.png",878,1268,false],"woocommerce_single":["https:\/\/renewable-carbon.eu\/publications\/wp-content\/uploads\/2024\/12\/Bildschirmfoto-2024-12-04-um-09.43.45.png",878,1268,false],"woocommerce_gallery_thumbnail":["https:\/\/renewable-carbon.eu\/publications\/wp-content\/uploads\/2024\/12\/Bildschirmfoto-2024-12-04-um-09.43.45-200x200.png",200,200,true],"sow-carousel-default":["https:\/\/renewable-carbon.eu\/publications\/wp-content\/uploads\/2024\/12\/Bildschirmfoto-2024-12-04-um-09.43.45-272x182.png",272,182,true]},"uagb_author_info":{"display_name":"Kristijan Mrsic","author_link":"https:\/\/renewable-carbon.eu\/publications\/author\/"},"uagb_comment_info":0,"uagb_excerpt":"In den beiden vorangegangenen Artikeln dieser Serie wurde das Konzept des alternativen Naphthas als Ersatz fu\u0308r fossile Rohstoffe in Raffinerien und Steamcrackern vorgestellt. In diesem dritten Artikel konzentriert sich die Diskussion auf Pyrolyse\u00f6l, das durch chemisches Recycling von Kunststoffabf\u00e4llen und Reifen gewonnen wird, und warum dies ein wichtiges \u201ealternatives Naphtha\u201c fu\u0308r Raffinerien und Steamcracker ist.&hellip;","_links":{"self":[{"href":"https:\/\/renewable-carbon.eu\/publications\/wp-json\/wp\/v2\/product\/276078","targetHints":{"allow":["GET"]}}],"collection":[{"href":"https:\/\/renewable-carbon.eu\/publications\/wp-json\/wp\/v2\/product"}],"about":[{"href":"https:\/\/renewable-carbon.eu\/publications\/wp-json\/wp\/v2\/types\/product"}],"wp:featuredmedia":[{"embeddable":true,"href":"https:\/\/renewable-carbon.eu\/publications\/wp-json\/wp\/v2\/media\/276089"}],"wp:attachment":[{"href":"https:\/\/renewable-carbon.eu\/publications\/wp-json\/wp\/v2\/media?parent=276078"}],"wp:term":[{"taxonomy":"product_brand","embeddable":true,"href":"https:\/\/renewable-carbon.eu\/publications\/wp-json\/wp\/v2\/product_brand?post=276078"},{"taxonomy":"product_cat","embeddable":true,"href":"https:\/\/renewable-carbon.eu\/publications\/wp-json\/wp\/v2\/product_cat?post=276078"},{"taxonomy":"product_tag","embeddable":true,"href":"https:\/\/renewable-carbon.eu\/publications\/wp-json\/wp\/v2\/product_tag?post=276078"},{"taxonomy":"renewable-carbon","embeddable":true,"href":"https:\/\/renewable-carbon.eu\/publications\/wp-json\/wp\/v2\/renewable-carbon?post=276078"},{"taxonomy":"publication-type","embeddable":true,"href":"https:\/\/renewable-carbon.eu\/publications\/wp-json\/wp\/v2\/publication-type?post=276078"}],"curies":[{"name":"wp","href":"https:\/\/api.w.org\/{rel}","templated":true}]}}