{"id":276073,"date":"2024-12-04T09:34:08","date_gmt":"2024-12-04T08:34:08","guid":{"rendered":"https:\/\/renewable-carbon.eu\/publications\/?post_type=product&#038;p=276073"},"modified":"2025-06-04T15:32:34","modified_gmt":"2025-06-04T13:32:34","slug":"alternatives-naphtha-herstellung-und-nutzung-wie-erneuerbare-rohstoffe-zu-naphtha-verarbeitet-werden-gastbeitrag-teil-2-pdf","status":"publish","type":"product","link":"https:\/\/renewable-carbon.eu\/publications\/product\/alternatives-naphtha-herstellung-und-nutzung-wie-erneuerbare-rohstoffe-zu-naphtha-verarbeitet-werden-gastbeitrag-teil-2-pdf\/","title":{"rendered":"Alternatives Naphtha \u2013 Herstellung und Nutzung \u2013 Wie erneuerbare Rohstoffe zu Naphtha verarbeitet werden (Gastbeitrag Teil 2) (PDF)"},"content":{"rendered":"","protected":false},"excerpt":{"rendered":"<p>Im ersten Artikel dieser dreiteiligen Serie wurde das Konzept \u201eAlternatives Naphtha\u201c als Ersatz fu\u0308r fossile Rohstoffe in Raffinerien und Steamcrackern vorgestellt. Relevante Mengen erneuerbarer Chemikalien und Polymere sind ohne alternatives Naphtha nicht realisierbar, eine signifikante Defossilisierung des Chemiesektors erfordert den Verzicht auf fossiles Naphtha. Im zweiten Artikel wird die Herstellung und Nutzung von alternativem Naphtha genauer beleuchtet.<\/p>\n<p>Biobasierte Rohstoffe wie Fette, \u00d6le und Schmierstoffe (Triglyceride) k\u00f6nnen fossile Erd\u00f6lrohstoffe ersetzen und in bestehenden Raffinerien mitverarbeitet werden.\u00a0Dies ist attraktiv, da Raffinerien ohne gro\u00dfe Investitionen Biokraftstoffe und biobasierte Grundchemikalien produzieren k\u00f6nnen. Eine Vorbehandlung der Rohstoffe kann dabei erforderlich sein.<\/p>\n<p>Dieser Artikel ist im Rahmen einer Serie von Gastbeitr\u00e4gen im CHEManager erschienen. Es handelt sich um \u201eAlternatives Naphtha Teil 2\u201c \u2013 aus CHEManager 10\/2024.<\/p>\n<p><a href=\"https:\/\/www.chemanager-online.com\/news\/alternatives-naphtha-0\" target=\"_blank\" rel=\"noopener\">Hier finden sie den Artikel auch bei CHEManager.<\/a><\/p>\n","protected":false},"featured_media":276077,"template":"","meta":{"qubely_global_settings":"","qubely_interactions":"","_seopress_robots_primary_cat":"none","_uag_custom_page_level_css":""},"product_brand":[],"product_cat":[47,50],"product_tag":[405],"renewable-carbon":[64,65],"publication-type":[70],"class_list":{"0":"post-276073","1":"product","2":"type-product","3":"status-publish","4":"has-post-thumbnail","6":"product_cat-markets","7":"product_cat-technology","8":"product_tag-naphtha24","9":"pa_licence-single","10":"pa_licence-enterprise","11":"renewable-carbon-bio-based","12":"renewable-carbon-co2-based","13":"publication-type-reports","15":"first","16":"instock","17":"downloadable","18":"virtual","19":"sold-individually","20":"product-type-simple"},"bundle_layout":"","bundled_by":[],"bundled_items":[],"uagb_featured_image_src":{"full":["https:\/\/renewable-carbon.eu\/publications\/wp-content\/uploads\/2024\/12\/Bildschirmfoto-2024-12-04-um-09.38.45.png",1200,1252,false],"thumbnail":["https:\/\/renewable-carbon.eu\/publications\/wp-content\/uploads\/2024\/12\/Bildschirmfoto-2024-12-04-um-09.38.45-144x150.png",144,150,true],"medium":["https:\/\/renewable-carbon.eu\/publications\/wp-content\/uploads\/2024\/12\/Bildschirmfoto-2024-12-04-um-09.38.45-288x300.png",288,300,true],"medium_large":["https:\/\/renewable-carbon.eu\/publications\/wp-content\/uploads\/2024\/12\/Bildschirmfoto-2024-12-04-um-09.38.45-768x801.png",768,801,true],"large":["https:\/\/renewable-carbon.eu\/publications\/wp-content\/uploads\/2024\/12\/Bildschirmfoto-2024-12-04-um-09.38.45-920x960.png",920,960,true],"1536x1536":["https:\/\/renewable-carbon.eu\/publications\/wp-content\/uploads\/2024\/12\/Bildschirmfoto-2024-12-04-um-09.38.45.png",1200,1252,false],"2048x2048":["https:\/\/renewable-carbon.eu\/publications\/wp-content\/uploads\/2024\/12\/Bildschirmfoto-2024-12-04-um-09.38.45.png",1200,1252,false],"qubely_landscape":["https:\/\/renewable-carbon.eu\/publications\/wp-content\/uploads\/2024\/12\/Bildschirmfoto-2024-12-04-um-09.38.45-1200x750.png",1200,750,true],"qubely_portrait":["https:\/\/renewable-carbon.eu\/publications\/wp-content\/uploads\/2024\/12\/Bildschirmfoto-2024-12-04-um-09.38.45-540x320.png",540,320,true],"qubely_thumbnail":["https:\/\/renewable-carbon.eu\/publications\/wp-content\/uploads\/2024\/12\/Bildschirmfoto-2024-12-04-um-09.38.45-140x100.png",140,100,true],"mega-menu":["https:\/\/renewable-carbon.eu\/publications\/wp-content\/uploads\/2024\/12\/Bildschirmfoto-2024-12-04-um-09.38.45-259x270.png",259,270,true],"blog-teaser":["https:\/\/renewable-carbon.eu\/publications\/wp-content\/uploads\/2024\/12\/Bildschirmfoto-2024-12-04-um-09.38.45-380x245.png",380,245,true],"woocommerce_thumbnail":["https:\/\/renewable-carbon.eu\/publications\/wp-content\/uploads\/2024\/12\/Bildschirmfoto-2024-12-04-um-09.38.45.png",1200,1252,false],"woocommerce_single":["https:\/\/renewable-carbon.eu\/publications\/wp-content\/uploads\/2024\/12\/Bildschirmfoto-2024-12-04-um-09.38.45-960x1002.png",960,1002,true],"woocommerce_gallery_thumbnail":["https:\/\/renewable-carbon.eu\/publications\/wp-content\/uploads\/2024\/12\/Bildschirmfoto-2024-12-04-um-09.38.45-200x200.png",200,200,true],"sow-carousel-default":["https:\/\/renewable-carbon.eu\/publications\/wp-content\/uploads\/2024\/12\/Bildschirmfoto-2024-12-04-um-09.38.45-272x182.png",272,182,true]},"uagb_author_info":{"display_name":"Kristijan Mrsic","author_link":"https:\/\/renewable-carbon.eu\/publications\/author\/"},"uagb_comment_info":0,"uagb_excerpt":"Im ersten Artikel dieser dreiteiligen Serie wurde das Konzept \u201eAlternatives Naphtha\u201c als Ersatz fu\u0308r fossile Rohstoffe in Raffinerien und Steamcrackern vorgestellt. Relevante Mengen erneuerbarer Chemikalien und Polymere sind ohne alternatives Naphtha nicht realisierbar, eine signifikante Defossilisierung des Chemiesektors erfordert den Verzicht auf fossiles Naphtha. Im zweiten Artikel wird die Herstellung und Nutzung von alternativem Naphtha&hellip;","_links":{"self":[{"href":"https:\/\/renewable-carbon.eu\/publications\/wp-json\/wp\/v2\/product\/276073","targetHints":{"allow":["GET"]}}],"collection":[{"href":"https:\/\/renewable-carbon.eu\/publications\/wp-json\/wp\/v2\/product"}],"about":[{"href":"https:\/\/renewable-carbon.eu\/publications\/wp-json\/wp\/v2\/types\/product"}],"wp:featuredmedia":[{"embeddable":true,"href":"https:\/\/renewable-carbon.eu\/publications\/wp-json\/wp\/v2\/media\/276077"}],"wp:attachment":[{"href":"https:\/\/renewable-carbon.eu\/publications\/wp-json\/wp\/v2\/media?parent=276073"}],"wp:term":[{"taxonomy":"product_brand","embeddable":true,"href":"https:\/\/renewable-carbon.eu\/publications\/wp-json\/wp\/v2\/product_brand?post=276073"},{"taxonomy":"product_cat","embeddable":true,"href":"https:\/\/renewable-carbon.eu\/publications\/wp-json\/wp\/v2\/product_cat?post=276073"},{"taxonomy":"product_tag","embeddable":true,"href":"https:\/\/renewable-carbon.eu\/publications\/wp-json\/wp\/v2\/product_tag?post=276073"},{"taxonomy":"renewable-carbon","embeddable":true,"href":"https:\/\/renewable-carbon.eu\/publications\/wp-json\/wp\/v2\/renewable-carbon?post=276073"},{"taxonomy":"publication-type","embeddable":true,"href":"https:\/\/renewable-carbon.eu\/publications\/wp-json\/wp\/v2\/publication-type?post=276073"}],"curies":[{"name":"wp","href":"https:\/\/api.w.org\/{rel}","templated":true}]}}