{"id":254860,"date":"2024-10-08T16:25:31","date_gmt":"2024-10-08T14:25:31","guid":{"rendered":"https:\/\/renewable-carbon.eu\/publications\/?post_type=product&#038;p=254860"},"modified":"2025-06-04T15:31:06","modified_gmt":"2025-06-04T13:31:06","slug":"die-zukunft-des-recycling-gestalten-pdf","status":"publish","type":"product","link":"https:\/\/renewable-carbon.eu\/publications\/product\/die-zukunft-des-recycling-gestalten-pdf\/","title":{"rendered":"Die Zukunft des Recyclings gestalten (PDF)"},"content":{"rendered":"","protected":false},"excerpt":{"rendered":"<p>Die ambitionierten Recyclingziele der EU, die (Selbst-)Verpflichtungen der chemischen Industrie und der Markenhersteller sowie die Anforderungen der Kunden \u00fcben einen enormen Entwicklungsdruck auf den Recyclingsektor aus. Einem gro\u00dfen Anteil nicht recycelter Abfallstr\u00f6me stehen die Nachfrage und die Suche nach erneuerbaren Rohstoffen f\u00fcr Chemikalien und Materialien gegen\u00fcber. Dies wirft die Frage auf, welche Technologien f\u00fcr welchen Abfallstrom am besten geeignet sind und wie die Umweltauswirkungen zu bewerten sind.<\/p>\n<p>Quelle: <a href=\"https:\/\/www.chemanager-online.com\/news\/advanced-recycling-technologien-und-markttrends-fuer-eine-nachhaltige-kreislaufwirtschaft\">Advanced Recycling: Technologien und Markttrends f\u00fcr eine nachhaltige Kreislaufwirtschaft\u201c \u2013 aus CITplus 10\/2024<\/a><\/p>\n","protected":false},"featured_media":254862,"template":"","meta":{"qubely_global_settings":"","qubely_interactions":"","_seopress_robots_primary_cat":"none","_uag_custom_page_level_css":""},"product_brand":[],"product_cat":[47,48,49,50],"product_tag":[394],"renewable-carbon":[66],"publication-type":[70],"class_list":{"0":"post-254860","1":"product","2":"type-product","3":"status-publish","4":"has-post-thumbnail","6":"product_cat-markets","7":"product_cat-policy","8":"product_cat-sustainability","9":"product_cat-technology","10":"product_tag-advancedrecycling24","11":"renewable-carbon-recycling","12":"publication-type-reports","14":"first","15":"instock","16":"downloadable","17":"virtual","18":"sold-individually","19":"product-type-simple"},"bundle_layout":"","bundled_by":[],"bundled_items":[],"uagb_featured_image_src":{"full":["https:\/\/renewable-carbon.eu\/publications\/wp-content\/uploads\/2024\/10\/CITplus10-24.png",750,1074,false],"thumbnail":["https:\/\/renewable-carbon.eu\/publications\/wp-content\/uploads\/2024\/10\/CITplus10-24-105x150.png",105,150,true],"medium":["https:\/\/renewable-carbon.eu\/publications\/wp-content\/uploads\/2024\/10\/CITplus10-24-209x300.png",209,300,true],"medium_large":["https:\/\/renewable-carbon.eu\/publications\/wp-content\/uploads\/2024\/10\/CITplus10-24.png",750,1074,false],"large":["https:\/\/renewable-carbon.eu\/publications\/wp-content\/uploads\/2024\/10\/CITplus10-24-670x960.png",670,960,true],"1536x1536":["https:\/\/renewable-carbon.eu\/publications\/wp-content\/uploads\/2024\/10\/CITplus10-24.png",750,1074,false],"2048x2048":["https:\/\/renewable-carbon.eu\/publications\/wp-content\/uploads\/2024\/10\/CITplus10-24.png",750,1074,false],"qubely_landscape":["https:\/\/renewable-carbon.eu\/publications\/wp-content\/uploads\/2024\/10\/CITplus10-24-750x750.png",750,750,true],"qubely_portrait":["https:\/\/renewable-carbon.eu\/publications\/wp-content\/uploads\/2024\/10\/CITplus10-24-540x320.png",540,320,true],"qubely_thumbnail":["https:\/\/renewable-carbon.eu\/publications\/wp-content\/uploads\/2024\/10\/CITplus10-24-140x100.png",140,100,true],"mega-menu":["https:\/\/renewable-carbon.eu\/publications\/wp-content\/uploads\/2024\/10\/CITplus10-24-189x270.png",189,270,true],"blog-teaser":["https:\/\/renewable-carbon.eu\/publications\/wp-content\/uploads\/2024\/10\/CITplus10-24-380x245.png",380,245,true],"woocommerce_thumbnail":["https:\/\/renewable-carbon.eu\/publications\/wp-content\/uploads\/2024\/10\/CITplus10-24.png",750,1074,false],"woocommerce_single":["https:\/\/renewable-carbon.eu\/publications\/wp-content\/uploads\/2024\/10\/CITplus10-24.png",750,1074,false],"woocommerce_gallery_thumbnail":["https:\/\/renewable-carbon.eu\/publications\/wp-content\/uploads\/2024\/10\/CITplus10-24-200x200.png",200,200,true],"sow-carousel-default":["https:\/\/renewable-carbon.eu\/publications\/wp-content\/uploads\/2024\/10\/CITplus10-24-272x182.png",272,182,true]},"uagb_author_info":{"display_name":"Dominik Vogt","author_link":"https:\/\/renewable-carbon.eu\/publications\/author\/"},"uagb_comment_info":0,"uagb_excerpt":"Die ambitionierten Recyclingziele der EU, die (Selbst-)Verpflichtungen der chemischen Industrie und der Markenhersteller sowie die Anforderungen der Kunden \u00fcben einen enormen Entwicklungsdruck auf den Recyclingsektor aus. Einem gro\u00dfen Anteil nicht recycelter Abfallstr\u00f6me stehen die Nachfrage und die Suche nach erneuerbaren Rohstoffen f\u00fcr Chemikalien und Materialien gegen\u00fcber. Dies wirft die Frage auf, welche Technologien f\u00fcr welchen&hellip;","_links":{"self":[{"href":"https:\/\/renewable-carbon.eu\/publications\/wp-json\/wp\/v2\/product\/254860","targetHints":{"allow":["GET"]}}],"collection":[{"href":"https:\/\/renewable-carbon.eu\/publications\/wp-json\/wp\/v2\/product"}],"about":[{"href":"https:\/\/renewable-carbon.eu\/publications\/wp-json\/wp\/v2\/types\/product"}],"wp:featuredmedia":[{"embeddable":true,"href":"https:\/\/renewable-carbon.eu\/publications\/wp-json\/wp\/v2\/media\/254862"}],"wp:attachment":[{"href":"https:\/\/renewable-carbon.eu\/publications\/wp-json\/wp\/v2\/media?parent=254860"}],"wp:term":[{"taxonomy":"product_brand","embeddable":true,"href":"https:\/\/renewable-carbon.eu\/publications\/wp-json\/wp\/v2\/product_brand?post=254860"},{"taxonomy":"product_cat","embeddable":true,"href":"https:\/\/renewable-carbon.eu\/publications\/wp-json\/wp\/v2\/product_cat?post=254860"},{"taxonomy":"product_tag","embeddable":true,"href":"https:\/\/renewable-carbon.eu\/publications\/wp-json\/wp\/v2\/product_tag?post=254860"},{"taxonomy":"renewable-carbon","embeddable":true,"href":"https:\/\/renewable-carbon.eu\/publications\/wp-json\/wp\/v2\/renewable-carbon?post=254860"},{"taxonomy":"publication-type","embeddable":true,"href":"https:\/\/renewable-carbon.eu\/publications\/wp-json\/wp\/v2\/publication-type?post=254860"}],"curies":[{"name":"wp","href":"https:\/\/api.w.org\/{rel}","templated":true}]}}