{"id":228469,"date":"2024-06-17T09:51:47","date_gmt":"2024-06-17T07:51:47","guid":{"rendered":"https:\/\/renewable-carbon.eu\/publications\/?post_type=product&#038;p=228469"},"modified":"2024-06-17T12:42:39","modified_gmt":"2024-06-17T10:42:39","slug":"ein-pladoyer-fur-carbon-capture-and-utilisation-carbon-capture-and-utilisation-ist-viel-mehr-als-nur-eine-technologie-zur-entnahme-von-kohlenstoffdioxid-pdf","status":"publish","type":"product","link":"https:\/\/renewable-carbon.eu\/publications\/product\/ein-pladoyer-fur-carbon-capture-and-utilisation-carbon-capture-and-utilisation-ist-viel-mehr-als-nur-eine-technologie-zur-entnahme-von-kohlenstoffdioxid-pdf\/","title":{"rendered":"Ein Pl\u00e4doyer f\u00fcr Carbon Capture and Utilisation \u2013 Carbon Capture and Utilisation ist viel mehr als nur eine Technologie zur Entnahme von Kohlenstoffdioxid (PDF)"},"content":{"rendered":"","protected":false},"excerpt":{"rendered":"<p>Zur Eind\u00e4mmung des Klimawandels ist eine drastische Reduzierung fossiler Kohlenstoffemissionen erforderlich. W\u00e4hrend Energie- und Verkehrssysteme dekarbonisiert werden k\u00f6nnen, ben\u00f6tigen Chemie- und Werkstoffsektoren Kohlenstoff als Rohstoff. Diese Sektoren sollten auf erneuerbaren Kohlenstoff aus Biomasse, CCU und Recycling umsteigen, wie von der <a href=\"https:\/\/renewable-carbon-initiative.com\/\" target=\"_blank\" rel=\"noopener\">Renewable Carbon Initiative<\/a> (RCI) gef\u00f6rdert.<\/p>\n<p>CCU bietet zahlreiche Vorteile, darunter die Defossilisierung der Industrie und die Reduzierung der Treibhausgasemissionen.<\/p>\n<p>Trotz ihrer Bedeutung wird CCU politisch noch nicht ausreichend anerkannt. Eine st\u00e4rkere Unterst\u00fctzung und der Einsatz erneuerbarer Energien sind notwendig, um CCU als Schl\u00fcssel- technologie f\u00fcr eine nachhaltige Zukunft zu etablieren.<\/p>\n<p>Weitere Informationen:<\/p>\n<p><a href=\"https:\/\/www.chemanager-online.com\/news\/ein-plaedoyer-fuer-carbon-capture-and-utilisation\" target=\"_blank\" rel=\"noopener\">https:\/\/www.chemanager-online.com\/news\/ein-plaedoyer-fuer-carbon-capture-and-utilisation<\/a><\/p>\n<p>&nbsp;<\/p>\n","protected":false},"featured_media":228470,"template":"","meta":{"qubely_global_settings":"","qubely_interactions":"","_seopress_robots_primary_cat":"none","_uag_custom_page_level_css":""},"product_brand":[],"product_cat":[47,48,49],"product_tag":[406],"renewable-carbon":[64,65,66],"publication-type":[70,342],"class_list":{"0":"post-228469","1":"product","2":"type-product","3":"status-publish","4":"has-post-thumbnail","6":"product_cat-markets","7":"product_cat-policy","8":"product_cat-sustainability","9":"product_tag-novainstitut_cit0624","10":"pa_licence-single","11":"pa_licence-enterprise","12":"renewable-carbon-bio-based","13":"renewable-carbon-co2-based","14":"renewable-carbon-recycling","15":"publication-type-reports","16":"publication-type-rci-papers","18":"first","19":"instock","20":"downloadable","21":"virtual","22":"sold-individually","23":"product-type-simple"},"bundle_layout":"","bundled_by":[],"bundled_items":[],"uagb_featured_image_src":{"full":["https:\/\/renewable-carbon.eu\/publications\/wp-content\/uploads\/2024\/06\/22-25_NovaInstitut_CIT0624_thumbnail.png",679,960,false],"thumbnail":["https:\/\/renewable-carbon.eu\/publications\/wp-content\/uploads\/2024\/06\/22-25_NovaInstitut_CIT0624_thumbnail-106x150.png",106,150,true],"medium":["https:\/\/renewable-carbon.eu\/publications\/wp-content\/uploads\/2024\/06\/22-25_NovaInstitut_CIT0624_thumbnail-212x300.png",212,300,true],"medium_large":["https:\/\/renewable-carbon.eu\/publications\/wp-content\/uploads\/2024\/06\/22-25_NovaInstitut_CIT0624_thumbnail.png",679,960,false],"large":["https:\/\/renewable-carbon.eu\/publications\/wp-content\/uploads\/2024\/06\/22-25_NovaInstitut_CIT0624_thumbnail.png",679,960,false],"1536x1536":["https:\/\/renewable-carbon.eu\/publications\/wp-content\/uploads\/2024\/06\/22-25_NovaInstitut_CIT0624_thumbnail.png",679,960,false],"2048x2048":["https:\/\/renewable-carbon.eu\/publications\/wp-content\/uploads\/2024\/06\/22-25_NovaInstitut_CIT0624_thumbnail.png",679,960,false],"qubely_landscape":["https:\/\/renewable-carbon.eu\/publications\/wp-content\/uploads\/2024\/06\/22-25_NovaInstitut_CIT0624_thumbnail-679x750.png",679,750,true],"qubely_portrait":["https:\/\/renewable-carbon.eu\/publications\/wp-content\/uploads\/2024\/06\/22-25_NovaInstitut_CIT0624_thumbnail-540x320.png",540,320,true],"qubely_thumbnail":["https:\/\/renewable-carbon.eu\/publications\/wp-content\/uploads\/2024\/06\/22-25_NovaInstitut_CIT0624_thumbnail-140x100.png",140,100,true],"mega-menu":["https:\/\/renewable-carbon.eu\/publications\/wp-content\/uploads\/2024\/06\/22-25_NovaInstitut_CIT0624_thumbnail-191x270.png",191,270,true],"blog-teaser":["https:\/\/renewable-carbon.eu\/publications\/wp-content\/uploads\/2024\/06\/22-25_NovaInstitut_CIT0624_thumbnail-380x245.png",380,245,true],"woocommerce_thumbnail":["https:\/\/renewable-carbon.eu\/publications\/wp-content\/uploads\/2024\/06\/22-25_NovaInstitut_CIT0624_thumbnail.png",679,960,false],"woocommerce_single":["https:\/\/renewable-carbon.eu\/publications\/wp-content\/uploads\/2024\/06\/22-25_NovaInstitut_CIT0624_thumbnail.png",679,960,false],"woocommerce_gallery_thumbnail":["https:\/\/renewable-carbon.eu\/publications\/wp-content\/uploads\/2024\/06\/22-25_NovaInstitut_CIT0624_thumbnail-200x200.png",200,200,true],"sow-carousel-default":["https:\/\/renewable-carbon.eu\/publications\/wp-content\/uploads\/2024\/06\/22-25_NovaInstitut_CIT0624_thumbnail-272x182.png",272,182,true]},"uagb_author_info":{"display_name":"Dominik Vogt","author_link":"https:\/\/renewable-carbon.eu\/publications\/author\/"},"uagb_comment_info":0,"uagb_excerpt":"Zur Eind\u00e4mmung des Klimawandels ist eine drastische Reduzierung fossiler Kohlenstoffemissionen erforderlich. W\u00e4hrend Energie- und Verkehrssysteme dekarbonisiert werden k\u00f6nnen, ben\u00f6tigen Chemie- und Werkstoffsektoren Kohlenstoff als Rohstoff. Diese Sektoren sollten auf erneuerbaren Kohlenstoff aus Biomasse, CCU und Recycling umsteigen, wie von der Renewable Carbon Initiative (RCI) gef\u00f6rdert. CCU bietet zahlreiche Vorteile, darunter die Defossilisierung der Industrie und&hellip;","_links":{"self":[{"href":"https:\/\/renewable-carbon.eu\/publications\/wp-json\/wp\/v2\/product\/228469","targetHints":{"allow":["GET"]}}],"collection":[{"href":"https:\/\/renewable-carbon.eu\/publications\/wp-json\/wp\/v2\/product"}],"about":[{"href":"https:\/\/renewable-carbon.eu\/publications\/wp-json\/wp\/v2\/types\/product"}],"wp:featuredmedia":[{"embeddable":true,"href":"https:\/\/renewable-carbon.eu\/publications\/wp-json\/wp\/v2\/media\/228470"}],"wp:attachment":[{"href":"https:\/\/renewable-carbon.eu\/publications\/wp-json\/wp\/v2\/media?parent=228469"}],"wp:term":[{"taxonomy":"product_brand","embeddable":true,"href":"https:\/\/renewable-carbon.eu\/publications\/wp-json\/wp\/v2\/product_brand?post=228469"},{"taxonomy":"product_cat","embeddable":true,"href":"https:\/\/renewable-carbon.eu\/publications\/wp-json\/wp\/v2\/product_cat?post=228469"},{"taxonomy":"product_tag","embeddable":true,"href":"https:\/\/renewable-carbon.eu\/publications\/wp-json\/wp\/v2\/product_tag?post=228469"},{"taxonomy":"renewable-carbon","embeddable":true,"href":"https:\/\/renewable-carbon.eu\/publications\/wp-json\/wp\/v2\/renewable-carbon?post=228469"},{"taxonomy":"publication-type","embeddable":true,"href":"https:\/\/renewable-carbon.eu\/publications\/wp-json\/wp\/v2\/publication-type?post=228469"}],"curies":[{"name":"wp","href":"https:\/\/api.w.org\/{rel}","templated":true}]}}