{"id":212116,"date":"2024-04-30T09:41:57","date_gmt":"2024-04-30T07:41:57","guid":{"rendered":"https:\/\/renewable-carbon.eu\/publications\/?post_type=product&#038;p=212116"},"modified":"2024-05-06T14:39:35","modified_gmt":"2024-05-06T12:39:35","slug":"advanced-recycling-erwartet-rasanten-globalen-und-europaischen-wachstumstrend-pdf","status":"publish","type":"product","link":"https:\/\/renewable-carbon.eu\/publications\/product\/advanced-recycling-erwartet-rasanten-globalen-und-europaischen-wachstumstrend-pdf\/","title":{"rendered":"Advanced Recycling erwartet rasanten globalen und europ\u00e4ischen Wachstumstrend (PDF)"},"content":{"rendered":"","protected":false},"excerpt":{"rendered":"<p>Der neue Bericht \u201eMapping of advanced plastic waste recycling technologies and their global capacities\u201c bietet einen strukturierten und umfassenden \u00dcberblick rund um das Thema Advanced Recycling. Das aktuelle Update pr\u00e4sentiert die verf\u00fcgbaren Advanced Recycling Technologien sowie Vor- und Nachbereitungstechnologien in mehr als 130 Unternehmensprofilen. Die Unternehmensprofile aus dem vorherigen Bericht wurden \u00fcberarbeitet, f\u00fcr das Jahr 2023 aktualisiert, und um neue Profile erg\u00e4nzt.<\/p>\n<p><strong>Quelle:<\/strong> Advanced Recycling erwartet rasanten globalen und europ\u00e4ischen Wachstumstrend \u2013 aus kunststoffland NRW report 01\/2024, 26-28<\/p>\n","protected":false},"featured_media":212122,"template":"","meta":{"qubely_global_settings":"","qubely_interactions":"","_seopress_robots_primary_cat":"none","_uag_custom_page_level_css":""},"product_brand":[],"product_cat":[47],"product_tag":[394],"renewable-carbon":[66],"publication-type":[70],"class_list":{"0":"post-212116","1":"product","2":"type-product","3":"status-publish","4":"has-post-thumbnail","6":"product_cat-markets","7":"product_tag-advancedrecycling24","8":"pa_licence-single","9":"pa_licence-enterprise","10":"renewable-carbon-recycling","11":"publication-type-reports","13":"first","14":"instock","15":"downloadable","16":"virtual","17":"sold-individually","18":"product-type-simple"},"bundle_layout":"","bundled_by":[],"bundled_items":[],"uagb_featured_image_src":{"full":["https:\/\/renewable-carbon.eu\/publications\/wp-content\/uploads\/2024\/04\/Advanced-Recycling-erwartet-rasanten-globalen-und-europaischen-Wachstumstrend.png",762,1084,false],"thumbnail":["https:\/\/renewable-carbon.eu\/publications\/wp-content\/uploads\/2024\/04\/Advanced-Recycling-erwartet-rasanten-globalen-und-europaischen-Wachstumstrend-105x150.png",105,150,true],"medium":["https:\/\/renewable-carbon.eu\/publications\/wp-content\/uploads\/2024\/04\/Advanced-Recycling-erwartet-rasanten-globalen-und-europaischen-Wachstumstrend-211x300.png",211,300,true],"medium_large":["https:\/\/renewable-carbon.eu\/publications\/wp-content\/uploads\/2024\/04\/Advanced-Recycling-erwartet-rasanten-globalen-und-europaischen-Wachstumstrend.png",762,1084,false],"large":["https:\/\/renewable-carbon.eu\/publications\/wp-content\/uploads\/2024\/04\/Advanced-Recycling-erwartet-rasanten-globalen-und-europaischen-Wachstumstrend-675x960.png",675,960,true],"1536x1536":["https:\/\/renewable-carbon.eu\/publications\/wp-content\/uploads\/2024\/04\/Advanced-Recycling-erwartet-rasanten-globalen-und-europaischen-Wachstumstrend.png",762,1084,false],"2048x2048":["https:\/\/renewable-carbon.eu\/publications\/wp-content\/uploads\/2024\/04\/Advanced-Recycling-erwartet-rasanten-globalen-und-europaischen-Wachstumstrend.png",762,1084,false],"qubely_landscape":["https:\/\/renewable-carbon.eu\/publications\/wp-content\/uploads\/2024\/04\/Advanced-Recycling-erwartet-rasanten-globalen-und-europaischen-Wachstumstrend-762x750.png",762,750,true],"qubely_portrait":["https:\/\/renewable-carbon.eu\/publications\/wp-content\/uploads\/2024\/04\/Advanced-Recycling-erwartet-rasanten-globalen-und-europaischen-Wachstumstrend-540x320.png",540,320,true],"qubely_thumbnail":["https:\/\/renewable-carbon.eu\/publications\/wp-content\/uploads\/2024\/04\/Advanced-Recycling-erwartet-rasanten-globalen-und-europaischen-Wachstumstrend-140x100.png",140,100,true],"mega-menu":["https:\/\/renewable-carbon.eu\/publications\/wp-content\/uploads\/2024\/04\/Advanced-Recycling-erwartet-rasanten-globalen-und-europaischen-Wachstumstrend-190x270.png",190,270,true],"blog-teaser":["https:\/\/renewable-carbon.eu\/publications\/wp-content\/uploads\/2024\/04\/Advanced-Recycling-erwartet-rasanten-globalen-und-europaischen-Wachstumstrend-380x245.png",380,245,true],"woocommerce_thumbnail":["https:\/\/renewable-carbon.eu\/publications\/wp-content\/uploads\/2024\/04\/Advanced-Recycling-erwartet-rasanten-globalen-und-europaischen-Wachstumstrend.png",762,1084,false],"woocommerce_single":["https:\/\/renewable-carbon.eu\/publications\/wp-content\/uploads\/2024\/04\/Advanced-Recycling-erwartet-rasanten-globalen-und-europaischen-Wachstumstrend.png",762,1084,false],"woocommerce_gallery_thumbnail":["https:\/\/renewable-carbon.eu\/publications\/wp-content\/uploads\/2024\/04\/Advanced-Recycling-erwartet-rasanten-globalen-und-europaischen-Wachstumstrend-200x200.png",200,200,true],"sow-carousel-default":["https:\/\/renewable-carbon.eu\/publications\/wp-content\/uploads\/2024\/04\/Advanced-Recycling-erwartet-rasanten-globalen-und-europaischen-Wachstumstrend-272x182.png",272,182,true]},"uagb_author_info":{"display_name":"Dominik Vogt","author_link":"https:\/\/renewable-carbon.eu\/publications\/author\/"},"uagb_comment_info":0,"uagb_excerpt":"Der neue Bericht \u201eMapping of advanced plastic waste recycling technologies and their global capacities\u201c bietet einen strukturierten und umfassenden \u00dcberblick rund um das Thema Advanced Recycling. Das aktuelle Update pr\u00e4sentiert die verf\u00fcgbaren Advanced Recycling Technologien sowie Vor- und Nachbereitungstechnologien in mehr als 130 Unternehmensprofilen. Die Unternehmensprofile aus dem vorherigen Bericht wurden \u00fcberarbeitet, f\u00fcr das Jahr&hellip;","_links":{"self":[{"href":"https:\/\/renewable-carbon.eu\/publications\/wp-json\/wp\/v2\/product\/212116","targetHints":{"allow":["GET"]}}],"collection":[{"href":"https:\/\/renewable-carbon.eu\/publications\/wp-json\/wp\/v2\/product"}],"about":[{"href":"https:\/\/renewable-carbon.eu\/publications\/wp-json\/wp\/v2\/types\/product"}],"wp:featuredmedia":[{"embeddable":true,"href":"https:\/\/renewable-carbon.eu\/publications\/wp-json\/wp\/v2\/media\/212122"}],"wp:attachment":[{"href":"https:\/\/renewable-carbon.eu\/publications\/wp-json\/wp\/v2\/media?parent=212116"}],"wp:term":[{"taxonomy":"product_brand","embeddable":true,"href":"https:\/\/renewable-carbon.eu\/publications\/wp-json\/wp\/v2\/product_brand?post=212116"},{"taxonomy":"product_cat","embeddable":true,"href":"https:\/\/renewable-carbon.eu\/publications\/wp-json\/wp\/v2\/product_cat?post=212116"},{"taxonomy":"product_tag","embeddable":true,"href":"https:\/\/renewable-carbon.eu\/publications\/wp-json\/wp\/v2\/product_tag?post=212116"},{"taxonomy":"renewable-carbon","embeddable":true,"href":"https:\/\/renewable-carbon.eu\/publications\/wp-json\/wp\/v2\/renewable-carbon?post=212116"},{"taxonomy":"publication-type","embeddable":true,"href":"https:\/\/renewable-carbon.eu\/publications\/wp-json\/wp\/v2\/publication-type?post=212116"}],"curies":[{"name":"wp","href":"https:\/\/api.w.org\/{rel}","templated":true}]}}