{"id":2054,"date":"2018-03-19T13:12:44","date_gmt":"2018-03-19T12:12:44","guid":{"rendered":"https:\/\/renewable-carbon.eu\/publications\/product\/import-placeholder-for-129197\/"},"modified":"2022-10-18T10:29:20","modified_gmt":"2022-10-18T08:29:20","slug":"study-prufung-von-hanfol-%e2%88%92-teilstudie-okonomie-und-kurzfassung","status":"publish","type":"product","link":"https:\/\/renewable-carbon.eu\/publications\/product\/study-prufung-von-hanfol-%e2%88%92-teilstudie-okonomie-und-kurzfassung\/","title":{"rendered":"Pr\u00fcfung von Hanf\u00f6l hinsichtlich seiner Eignung als Kraftstoff f\u00fcr pflanzen\u00f6ltaugliche Motoren (PDF)"},"content":{"rendered":"","protected":false},"excerpt":{"rendered":"","protected":false},"featured_media":104338,"template":"","meta":{"qubely_global_settings":"","qubely_interactions":"","_seopress_robots_primary_cat":"none","_uag_custom_page_level_css":""},"product_brand":[],"product_cat":[50],"product_tag":[193],"renewable-carbon":[64],"publication-type":[70],"class_list":{"0":"post-2054","1":"product","2":"type-product","3":"status-publish","4":"has-post-thumbnail","6":"product_cat-technology","7":"product_tag-hanfprufung","8":"renewable-carbon-bio-based","9":"publication-type-reports","11":"first","12":"instock","13":"downloadable","14":"virtual","15":"sold-individually","16":"product-type-simple"},"bundle_layout":"","bundled_by":[],"bundled_items":[],"uagb_featured_image_src":{"full":["https:\/\/renewable-carbon.eu\/publications\/wp-content\/uploads\/2018\/03\/Pruefung-von-Hanfoel-hinsichtlich-seiner-Eignung-als-Kraftstoff-fu\u0308r-pflanzenoeltaugliche-Motoren.png",463,659,false],"thumbnail":["https:\/\/renewable-carbon.eu\/publications\/wp-content\/uploads\/2018\/03\/Pruefung-von-Hanfoel-hinsichtlich-seiner-Eignung-als-Kraftstoff-fu\u0308r-pflanzenoeltaugliche-Motoren-105x150.png",105,150,true],"medium":["https:\/\/renewable-carbon.eu\/publications\/wp-content\/uploads\/2018\/03\/Pruefung-von-Hanfoel-hinsichtlich-seiner-Eignung-als-Kraftstoff-fu\u0308r-pflanzenoeltaugliche-Motoren-211x300.png",211,300,true],"medium_large":["https:\/\/renewable-carbon.eu\/publications\/wp-content\/uploads\/2018\/03\/Pruefung-von-Hanfoel-hinsichtlich-seiner-Eignung-als-Kraftstoff-fu\u0308r-pflanzenoeltaugliche-Motoren.png",463,659,false],"large":["https:\/\/renewable-carbon.eu\/publications\/wp-content\/uploads\/2018\/03\/Pruefung-von-Hanfoel-hinsichtlich-seiner-Eignung-als-Kraftstoff-fu\u0308r-pflanzenoeltaugliche-Motoren.png",463,659,false],"1536x1536":["https:\/\/renewable-carbon.eu\/publications\/wp-content\/uploads\/2018\/03\/Pruefung-von-Hanfoel-hinsichtlich-seiner-Eignung-als-Kraftstoff-fu\u0308r-pflanzenoeltaugliche-Motoren.png",463,659,false],"2048x2048":["https:\/\/renewable-carbon.eu\/publications\/wp-content\/uploads\/2018\/03\/Pruefung-von-Hanfoel-hinsichtlich-seiner-Eignung-als-Kraftstoff-fu\u0308r-pflanzenoeltaugliche-Motoren.png",463,659,false],"qubely_landscape":["https:\/\/renewable-carbon.eu\/publications\/wp-content\/uploads\/2018\/03\/Pruefung-von-Hanfoel-hinsichtlich-seiner-Eignung-als-Kraftstoff-fu\u0308r-pflanzenoeltaugliche-Motoren.png",463,659,false],"qubely_portrait":["https:\/\/renewable-carbon.eu\/publications\/wp-content\/uploads\/2018\/03\/Pruefung-von-Hanfoel-hinsichtlich-seiner-Eignung-als-Kraftstoff-fu\u0308r-pflanzenoeltaugliche-Motoren-463x320.png",463,320,true],"qubely_thumbnail":["https:\/\/renewable-carbon.eu\/publications\/wp-content\/uploads\/2018\/03\/Pruefung-von-Hanfoel-hinsichtlich-seiner-Eignung-als-Kraftstoff-fu\u0308r-pflanzenoeltaugliche-Motoren-140x100.png",140,100,true],"mega-menu":["https:\/\/renewable-carbon.eu\/publications\/wp-content\/uploads\/2018\/03\/Pruefung-von-Hanfoel-hinsichtlich-seiner-Eignung-als-Kraftstoff-fu\u0308r-pflanzenoeltaugliche-Motoren-190x270.png",190,270,true],"blog-teaser":["https:\/\/renewable-carbon.eu\/publications\/wp-content\/uploads\/2018\/03\/Pruefung-von-Hanfoel-hinsichtlich-seiner-Eignung-als-Kraftstoff-fu\u0308r-pflanzenoeltaugliche-Motoren-380x245.png",380,245,true],"woocommerce_thumbnail":["https:\/\/renewable-carbon.eu\/publications\/wp-content\/uploads\/2018\/03\/Pruefung-von-Hanfoel-hinsichtlich-seiner-Eignung-als-Kraftstoff-fu\u0308r-pflanzenoeltaugliche-Motoren-100x141.png",100,141,true],"woocommerce_single":["https:\/\/renewable-carbon.eu\/publications\/wp-content\/uploads\/2018\/03\/Pruefung-von-Hanfoel-hinsichtlich-seiner-Eignung-als-Kraftstoff-fu\u0308r-pflanzenoeltaugliche-Motoren.png",463,659,false],"woocommerce_gallery_thumbnail":["https:\/\/renewable-carbon.eu\/publications\/wp-content\/uploads\/2018\/03\/Pruefung-von-Hanfoel-hinsichtlich-seiner-Eignung-als-Kraftstoff-fu\u0308r-pflanzenoeltaugliche-Motoren-200x200.png",200,200,true],"sow-carousel-default":["https:\/\/renewable-carbon.eu\/publications\/wp-content\/uploads\/2018\/03\/Pruefung-von-Hanfoel-hinsichtlich-seiner-Eignung-als-Kraftstoff-fu\u0308r-pflanzenoeltaugliche-Motoren-272x182.png",272,182,true]},"uagb_author_info":{"display_name":"Daniel Steeg","author_link":"https:\/\/renewable-carbon.eu\/publications\/author\/"},"uagb_comment_info":0,"uagb_excerpt":null,"_links":{"self":[{"href":"https:\/\/renewable-carbon.eu\/publications\/wp-json\/wp\/v2\/product\/2054","targetHints":{"allow":["GET"]}}],"collection":[{"href":"https:\/\/renewable-carbon.eu\/publications\/wp-json\/wp\/v2\/product"}],"about":[{"href":"https:\/\/renewable-carbon.eu\/publications\/wp-json\/wp\/v2\/types\/product"}],"wp:featuredmedia":[{"embeddable":true,"href":"https:\/\/renewable-carbon.eu\/publications\/wp-json\/wp\/v2\/media\/104338"}],"wp:attachment":[{"href":"https:\/\/renewable-carbon.eu\/publications\/wp-json\/wp\/v2\/media?parent=2054"}],"wp:term":[{"taxonomy":"product_brand","embeddable":true,"href":"https:\/\/renewable-carbon.eu\/publications\/wp-json\/wp\/v2\/product_brand?post=2054"},{"taxonomy":"product_cat","embeddable":true,"href":"https:\/\/renewable-carbon.eu\/publications\/wp-json\/wp\/v2\/product_cat?post=2054"},{"taxonomy":"product_tag","embeddable":true,"href":"https:\/\/renewable-carbon.eu\/publications\/wp-json\/wp\/v2\/product_tag?post=2054"},{"taxonomy":"renewable-carbon","embeddable":true,"href":"https:\/\/renewable-carbon.eu\/publications\/wp-json\/wp\/v2\/renewable-carbon?post=2054"},{"taxonomy":"publication-type","embeddable":true,"href":"https:\/\/renewable-carbon.eu\/publications\/wp-json\/wp\/v2\/publication-type?post=2054"}],"curies":[{"name":"wp","href":"https:\/\/api.w.org\/{rel}","templated":true}]}}