{"id":2048,"date":"2018-02-26T10:09:51","date_gmt":"2018-02-26T09:09:51","guid":{"rendered":"https:\/\/renewable-carbon.eu\/publications\/product\/import-placeholder-for-126881\/"},"modified":"2021-02-06T15:59:01","modified_gmt":"2021-02-06T14:59:01","slug":"handlungsempfehlungen-fur-die-durchfuhrung-von-okobilanzen-fur-die-stoffliche-nutzung-von-biomasse-im-spannungsfeld-der-politik-schwerpunkt-wirkungskategorie-klimawandel-%e2%88%92-langfassu","status":"publish","type":"product","link":"https:\/\/renewable-carbon.eu\/publications\/product\/handlungsempfehlungen-fur-die-durchfuhrung-von-okobilanzen-fur-die-stoffliche-nutzung-von-biomasse-im-spannungsfeld-der-politik-schwerpunkt-wirkungskategorie-klimawandel-%e2%88%92-langfassu\/","title":{"rendered":"Handlungsempfehlungen f\u00fcr die Durchf\u00fchrung von \u00d6kobilanzen f\u00fcr die stoffliche Nutzung von Biomasse im Spannungsfeld der Politik \u2013 Schwerpunkt: Wirkungskategorie Klimawandel \u2212 Langfassung"},"content":{"rendered":"","protected":false},"excerpt":{"rendered":"","protected":false},"featured_media":1780,"template":"","meta":{"qubely_global_settings":"","qubely_interactions":"","_seopress_robots_primary_cat":"","_uag_custom_page_level_css":""},"product_brand":[],"product_cat":[49],"product_tag":[191],"renewable-carbon":[64],"publication-type":[70],"class_list":{"0":"post-2048","1":"product","2":"type-product","3":"status-publish","4":"has-post-thumbnail","6":"product_cat-sustainability","7":"product_tag-oekostoffklima","8":"renewable-carbon-bio-based","9":"publication-type-reports","11":"first","12":"instock","13":"downloadable","14":"virtual","15":"sold-individually","16":"product-type-simple"},"bundle_layout":"","bundled_by":[],"bundled_items":[],"uagb_featured_image_src":{"full":["https:\/\/renewable-carbon.eu\/publications\/wp-content\/uploads\/2021\/01\/17-01-19-OekoStoff-Handlungs-Empfehlungen-final.jpg",678,960,false],"thumbnail":["https:\/\/renewable-carbon.eu\/publications\/wp-content\/uploads\/2021\/01\/17-01-19-OekoStoff-Handlungs-Empfehlungen-final-106x150.jpg",106,150,true],"medium":["https:\/\/renewable-carbon.eu\/publications\/wp-content\/uploads\/2021\/01\/17-01-19-OekoStoff-Handlungs-Empfehlungen-final-212x300.jpg",212,300,true],"medium_large":["https:\/\/renewable-carbon.eu\/publications\/wp-content\/uploads\/2021\/01\/17-01-19-OekoStoff-Handlungs-Empfehlungen-final.jpg",678,960,false],"large":["https:\/\/renewable-carbon.eu\/publications\/wp-content\/uploads\/2021\/01\/17-01-19-OekoStoff-Handlungs-Empfehlungen-final.jpg",678,960,false],"1536x1536":["https:\/\/renewable-carbon.eu\/publications\/wp-content\/uploads\/2021\/01\/17-01-19-OekoStoff-Handlungs-Empfehlungen-final.jpg",678,960,false],"2048x2048":["https:\/\/renewable-carbon.eu\/publications\/wp-content\/uploads\/2021\/01\/17-01-19-OekoStoff-Handlungs-Empfehlungen-final.jpg",678,960,false],"qubely_landscape":["https:\/\/renewable-carbon.eu\/publications\/wp-content\/uploads\/2021\/01\/17-01-19-OekoStoff-Handlungs-Empfehlungen-final-678x750.jpg",678,750,true],"qubely_portrait":["https:\/\/renewable-carbon.eu\/publications\/wp-content\/uploads\/2021\/01\/17-01-19-OekoStoff-Handlungs-Empfehlungen-final-540x320.jpg",540,320,true],"qubely_thumbnail":["https:\/\/renewable-carbon.eu\/publications\/wp-content\/uploads\/2021\/01\/17-01-19-OekoStoff-Handlungs-Empfehlungen-final-140x100.jpg",140,100,true],"mega-menu":["https:\/\/renewable-carbon.eu\/publications\/wp-content\/uploads\/2021\/01\/17-01-19-OekoStoff-Handlungs-Empfehlungen-final-191x270.jpg",191,270,true],"blog-teaser":["https:\/\/renewable-carbon.eu\/publications\/wp-content\/uploads\/2021\/01\/17-01-19-OekoStoff-Handlungs-Empfehlungen-final-380x245.jpg",380,245,true],"woocommerce_thumbnail":["https:\/\/renewable-carbon.eu\/publications\/wp-content\/uploads\/2021\/01\/17-01-19-OekoStoff-Handlungs-Empfehlungen-final-100x141.jpg",100,141,true],"woocommerce_single":["https:\/\/renewable-carbon.eu\/publications\/wp-content\/uploads\/2021\/01\/17-01-19-OekoStoff-Handlungs-Empfehlungen-final.jpg",678,960,false],"woocommerce_gallery_thumbnail":["https:\/\/renewable-carbon.eu\/publications\/wp-content\/uploads\/2021\/01\/17-01-19-OekoStoff-Handlungs-Empfehlungen-final-200x200.jpg",200,200,true],"sow-carousel-default":["https:\/\/renewable-carbon.eu\/publications\/wp-content\/uploads\/2021\/01\/17-01-19-OekoStoff-Handlungs-Empfehlungen-final.jpg",129,182,false]},"uagb_author_info":{"display_name":"Daniel Steeg","author_link":"https:\/\/renewable-carbon.eu\/publications\/author\/"},"uagb_comment_info":0,"uagb_excerpt":null,"_links":{"self":[{"href":"https:\/\/renewable-carbon.eu\/publications\/wp-json\/wp\/v2\/product\/2048","targetHints":{"allow":["GET"]}}],"collection":[{"href":"https:\/\/renewable-carbon.eu\/publications\/wp-json\/wp\/v2\/product"}],"about":[{"href":"https:\/\/renewable-carbon.eu\/publications\/wp-json\/wp\/v2\/types\/product"}],"wp:featuredmedia":[{"embeddable":true,"href":"https:\/\/renewable-carbon.eu\/publications\/wp-json\/wp\/v2\/media\/1780"}],"wp:attachment":[{"href":"https:\/\/renewable-carbon.eu\/publications\/wp-json\/wp\/v2\/media?parent=2048"}],"wp:term":[{"taxonomy":"product_brand","embeddable":true,"href":"https:\/\/renewable-carbon.eu\/publications\/wp-json\/wp\/v2\/product_brand?post=2048"},{"taxonomy":"product_cat","embeddable":true,"href":"https:\/\/renewable-carbon.eu\/publications\/wp-json\/wp\/v2\/product_cat?post=2048"},{"taxonomy":"product_tag","embeddable":true,"href":"https:\/\/renewable-carbon.eu\/publications\/wp-json\/wp\/v2\/product_tag?post=2048"},{"taxonomy":"renewable-carbon","embeddable":true,"href":"https:\/\/renewable-carbon.eu\/publications\/wp-json\/wp\/v2\/renewable-carbon?post=2048"},{"taxonomy":"publication-type","embeddable":true,"href":"https:\/\/renewable-carbon.eu\/publications\/wp-json\/wp\/v2\/publication-type?post=2048"}],"curies":[{"name":"wp","href":"https:\/\/api.w.org\/{rel}","templated":true}]}}