{"id":14568,"date":"2021-04-27T16:25:25","date_gmt":"2021-04-27T14:25:25","guid":{"rendered":"https:\/\/renewable-carbon.eu\/publications\/?post_type=product&#038;p=14568"},"modified":"2024-08-19T09:52:42","modified_gmt":"2024-08-19T07:52:42","slug":"biosinn-steckbriefe-sinnvoll-biologisch-abbaubarer-produkte-auf-basis-von-nachwachsenden-rohstoffen","status":"publish","type":"product","link":"https:\/\/renewable-carbon.eu\/publications\/product\/biosinn-steckbriefe-sinnvoll-biologisch-abbaubarer-produkte-auf-basis-von-nachwachsenden-rohstoffen\/","title":{"rendered":"BioSinn &#8211; Steckbriefe sinnvoll biologisch abbaubarer Produkte auf Basis von nachwachsenden Rohstoffen"},"content":{"rendered":"","protected":false},"excerpt":{"rendered":"<p>Im Projekt \u201eBioSinn \u2013 Steckbriefe sinnvoller biologisch abbaubarer Produkte\u201c, welches durch das Bundesministerium f\u00fcr Ern\u00e4hrung und Landwirtschaft gef\u00f6rdert wurde (F\u00f6rderkennzeichen 2219NR197), wurde von Expertinnen und Experten des nova-Instituts aus H\u00fcrth bei K\u00f6ln untersucht, ob es Anwendungen und Produkte gibt, f\u00fcr die der biologische Abbau eine sinnvolle oder sogar die beste End-of-Life-Option darstellt. Dabei waren die Auswahlkriterien, dass das Einsammeln der Produkte (oder ihrer \u00dcberbleibsel), die Abtrennung der Produkte von sonstigem organischem Abfall oder ein stoffliches Recycling nicht m\u00f6glich, \u00f6konomisch nicht realisierbar ist bzw. in der Praxis nicht stattfindet. Andere Kriterien waren, dass durch die Verwendung biologisch abbaubarer Materialien der Eintrag von Mikroplastik in die Umwelt vermieden werden kann oder dass durch die Verwendung biologisch abbaubarer Materialien indirekte positive Effekte, ein relevanter Sekund\u00e4rnutzen erzielt werden kann.<br \/>\nDas Ergebnis des Projektes ist eine Brosch\u00fcre f\u00fcr Entscheidungstr\u00e4ger aus Industrie und Politik aber auch f\u00fcr die breite \u00d6ffentlichkeit, mit 25 Produktsteckbriefen und umfangreicher Hintergrundinformation zum Thema biologischer Abbau. F\u00fcr jedes Produkt wird erkl\u00e4rt, inwiefern der biologische Abbau eine sinnvolle und machbare Option ist und welche technischen Substitutionsm\u00f6glichkeiten es f\u00fcr einen nachhaltigeren Materialeinsatz gibt. Zudem wurden politische Rahmenbedingungen und Regularien beleuchtet und produktspezifisch ausgewertet. Erstmalig wurden auch die Marktvolumina f\u00fcr Deutschland und die EU erhoben und abgesch\u00e4tzt. Das Gesamtvolumen der 25 Anwendungen liegt in Deutschland bei rund 170.000 Tonnen und in der Europ\u00e4ischen Union sogar bei etwa 1 Million Tonnen, von denen der gr\u00f6\u00dfte Anteil in die Umwelt gelangt. Hier w\u00fcrde der Einsatz biologisch abbaubarer Materialien erhebliche Umweltvorteile bringen. (Stand: April 2021, Update Mai 2021)<\/p>\n","protected":false},"featured_media":25891,"template":"","meta":{"qubely_global_settings":"","qubely_interactions":"","_seopress_robots_primary_cat":"none","_uag_custom_page_level_css":""},"product_brand":[],"product_cat":[47,48],"product_tag":[286,412,287,325],"renewable-carbon":[64],"publication-type":[70],"class_list":{"0":"post-14568","1":"product","2":"type-product","3":"status-publish","4":"has-post-thumbnail","6":"product_cat-markets","7":"product_cat-policy","8":"product_tag-biodegposter2021","9":"product_tag-biodegradablepolymersposter2024","10":"product_tag-biosinn2021","11":"product_tag-biosinnsteckbrief2021","12":"renewable-carbon-bio-based","13":"publication-type-reports","15":"first","16":"instock","17":"downloadable","18":"virtual","19":"sold-individually","20":"product-type-simple"},"bundle_layout":"","bundled_by":[],"bundled_items":[],"uagb_featured_image_src":{"full":["https:\/\/renewable-carbon.eu\/publications\/wp-content\/uploads\/2021\/04\/21-05-20-Cover_Biosinn_Steckbriefe-sinnvoll-biologisch-abbaubarer-Produkte-auf-Basis-von-nachwachsenden-Rohstoffen.png",678,960,false],"thumbnail":["https:\/\/renewable-carbon.eu\/publications\/wp-content\/uploads\/2021\/04\/21-05-20-Cover_Biosinn_Steckbriefe-sinnvoll-biologisch-abbaubarer-Produkte-auf-Basis-von-nachwachsenden-Rohstoffen-106x150.png",106,150,true],"medium":["https:\/\/renewable-carbon.eu\/publications\/wp-content\/uploads\/2021\/04\/21-05-20-Cover_Biosinn_Steckbriefe-sinnvoll-biologisch-abbaubarer-Produkte-auf-Basis-von-nachwachsenden-Rohstoffen-212x300.png",212,300,true],"medium_large":["https:\/\/renewable-carbon.eu\/publications\/wp-content\/uploads\/2021\/04\/21-05-20-Cover_Biosinn_Steckbriefe-sinnvoll-biologisch-abbaubarer-Produkte-auf-Basis-von-nachwachsenden-Rohstoffen.png",678,960,false],"large":["https:\/\/renewable-carbon.eu\/publications\/wp-content\/uploads\/2021\/04\/21-05-20-Cover_Biosinn_Steckbriefe-sinnvoll-biologisch-abbaubarer-Produkte-auf-Basis-von-nachwachsenden-Rohstoffen.png",678,960,false],"1536x1536":["https:\/\/renewable-carbon.eu\/publications\/wp-content\/uploads\/2021\/04\/21-05-20-Cover_Biosinn_Steckbriefe-sinnvoll-biologisch-abbaubarer-Produkte-auf-Basis-von-nachwachsenden-Rohstoffen.png",678,960,false],"2048x2048":["https:\/\/renewable-carbon.eu\/publications\/wp-content\/uploads\/2021\/04\/21-05-20-Cover_Biosinn_Steckbriefe-sinnvoll-biologisch-abbaubarer-Produkte-auf-Basis-von-nachwachsenden-Rohstoffen.png",678,960,false],"qubely_landscape":["https:\/\/renewable-carbon.eu\/publications\/wp-content\/uploads\/2021\/04\/21-05-20-Cover_Biosinn_Steckbriefe-sinnvoll-biologisch-abbaubarer-Produkte-auf-Basis-von-nachwachsenden-Rohstoffen-678x750.png",678,750,true],"qubely_portrait":["https:\/\/renewable-carbon.eu\/publications\/wp-content\/uploads\/2021\/04\/21-05-20-Cover_Biosinn_Steckbriefe-sinnvoll-biologisch-abbaubarer-Produkte-auf-Basis-von-nachwachsenden-Rohstoffen-540x320.png",540,320,true],"qubely_thumbnail":["https:\/\/renewable-carbon.eu\/publications\/wp-content\/uploads\/2021\/04\/21-05-20-Cover_Biosinn_Steckbriefe-sinnvoll-biologisch-abbaubarer-Produkte-auf-Basis-von-nachwachsenden-Rohstoffen-140x100.png",140,100,true],"mega-menu":["https:\/\/renewable-carbon.eu\/publications\/wp-content\/uploads\/2021\/04\/21-05-20-Cover_Biosinn_Steckbriefe-sinnvoll-biologisch-abbaubarer-Produkte-auf-Basis-von-nachwachsenden-Rohstoffen-191x270.png",191,270,true],"blog-teaser":["https:\/\/renewable-carbon.eu\/publications\/wp-content\/uploads\/2021\/04\/21-05-20-Cover_Biosinn_Steckbriefe-sinnvoll-biologisch-abbaubarer-Produkte-auf-Basis-von-nachwachsenden-Rohstoffen-380x245.png",380,245,true],"woocommerce_thumbnail":["https:\/\/renewable-carbon.eu\/publications\/wp-content\/uploads\/2021\/04\/21-05-20-Cover_Biosinn_Steckbriefe-sinnvoll-biologisch-abbaubarer-Produkte-auf-Basis-von-nachwachsenden-Rohstoffen-100x141.png",100,141,true],"woocommerce_single":["https:\/\/renewable-carbon.eu\/publications\/wp-content\/uploads\/2021\/04\/21-05-20-Cover_Biosinn_Steckbriefe-sinnvoll-biologisch-abbaubarer-Produkte-auf-Basis-von-nachwachsenden-Rohstoffen.png",678,960,false],"woocommerce_gallery_thumbnail":["https:\/\/renewable-carbon.eu\/publications\/wp-content\/uploads\/2021\/04\/21-05-20-Cover_Biosinn_Steckbriefe-sinnvoll-biologisch-abbaubarer-Produkte-auf-Basis-von-nachwachsenden-Rohstoffen-200x200.png",200,200,true],"sow-carousel-default":["https:\/\/renewable-carbon.eu\/publications\/wp-content\/uploads\/2021\/04\/21-05-20-Cover_Biosinn_Steckbriefe-sinnvoll-biologisch-abbaubarer-Produkte-auf-Basis-von-nachwachsenden-Rohstoffen-272x182.png",272,182,true]},"uagb_author_info":{"display_name":"Dominik Vogt","author_link":"https:\/\/renewable-carbon.eu\/publications\/author\/"},"uagb_comment_info":0,"uagb_excerpt":"Im Projekt \u201eBioSinn \u2013 Steckbriefe sinnvoller biologisch abbaubarer Produkte\u201c, welches durch das Bundesministerium f\u00fcr Ern\u00e4hrung und Landwirtschaft gef\u00f6rdert wurde (F\u00f6rderkennzeichen 2219NR197), wurde von Expertinnen und Experten des nova-Instituts aus H\u00fcrth bei K\u00f6ln untersucht, ob es Anwendungen und Produkte gibt, f\u00fcr die der biologische Abbau eine sinnvolle oder sogar die beste End-of-Life-Option darstellt. Dabei waren die&hellip;","_links":{"self":[{"href":"https:\/\/renewable-carbon.eu\/publications\/wp-json\/wp\/v2\/product\/14568","targetHints":{"allow":["GET"]}}],"collection":[{"href":"https:\/\/renewable-carbon.eu\/publications\/wp-json\/wp\/v2\/product"}],"about":[{"href":"https:\/\/renewable-carbon.eu\/publications\/wp-json\/wp\/v2\/types\/product"}],"wp:featuredmedia":[{"embeddable":true,"href":"https:\/\/renewable-carbon.eu\/publications\/wp-json\/wp\/v2\/media\/25891"}],"wp:attachment":[{"href":"https:\/\/renewable-carbon.eu\/publications\/wp-json\/wp\/v2\/media?parent=14568"}],"wp:term":[{"taxonomy":"product_brand","embeddable":true,"href":"https:\/\/renewable-carbon.eu\/publications\/wp-json\/wp\/v2\/product_brand?post=14568"},{"taxonomy":"product_cat","embeddable":true,"href":"https:\/\/renewable-carbon.eu\/publications\/wp-json\/wp\/v2\/product_cat?post=14568"},{"taxonomy":"product_tag","embeddable":true,"href":"https:\/\/renewable-carbon.eu\/publications\/wp-json\/wp\/v2\/product_tag?post=14568"},{"taxonomy":"renewable-carbon","embeddable":true,"href":"https:\/\/renewable-carbon.eu\/publications\/wp-json\/wp\/v2\/renewable-carbon?post=14568"},{"taxonomy":"publication-type","embeddable":true,"href":"https:\/\/renewable-carbon.eu\/publications\/wp-json\/wp\/v2\/publication-type?post=14568"}],"curies":[{"name":"wp","href":"https:\/\/api.w.org\/{rel}","templated":true}]}}