{"id":103367,"date":"2022-10-13T12:19:59","date_gmt":"2022-10-13T10:19:59","guid":{"rendered":"https:\/\/renewable-carbon.eu\/publications\/?post_type=product&#038;p=103367"},"modified":"2022-12-07T08:42:27","modified_gmt":"2022-12-07T07:42:27","slug":"kreislaufwirtschaftplus-handlungsempfehlungen-fur-eine-nationale-kreislaufwirtschaftsstrategie-pdf","status":"publish","type":"product","link":"https:\/\/renewable-carbon.eu\/publications\/product\/kreislaufwirtschaftplus-handlungsempfehlungen-fur-eine-nationale-kreislaufwirtschaftsstrategie-pdf\/","title":{"rendered":"KreislaufwirtschaftPLUS: Handlungsempfehlungen f\u00fcr eine nationale Kreislaufwirtschaftsstrategie (PDF)"},"content":{"rendered":"<p>Ein Diskussionsbeitrag f\u00fcr eine Kreislaufwirtschaft mit Kunststoffen moderiert von <a href=\"https:\/\/plasticseurope.org\/de\/\" target=\"_blank\" rel=\"noreferrer noopener\">PlasticsEurope Deutschland e.V.<\/a><\/p>\n<p>Mit der erforderlichen Transformation in eine Kreislaufwirtschaft mit Kunststoffen steht die Kunststoffbranche vor einem tiefgreifenden Paradigmenwechsel. Wir m\u00f6chten diesen Wandel gerne vorantreiben. In der ersten Jahresh\u00e4lfte 2022 haben im Rahmen einer Initiative von PlasticsEurope Deutschland e. V. ausgewiesene und f\u00fchrende Experten im Bereich der Kreislaufwirtschaft mit Kunststoffen in intensiven Beratungen Handlungsempfehlungen f\u00fcr die im Koalitionsvertrag angek\u00fcndigte Nationale Kreislaufwirtschaftsstrategie erarbeitet. Plastics Europe Deutschland nahm in diesem Er\u00f6rterungsprozess ausschlie\u00dflich eine Moderatorenrolle ein, um Handlungsempfehlungen auf technisch-wissenschaftlicher Basis zu gew\u00e4hrleisten.<\/p>\n<p>Mit diesem Papier m\u00f6chten wir einen Diskussionsprozess ansto\u00dfen und die Kreislaufwirtschaftsstrategie und somit auch den Transformationspfad aktiv begleiten.<\/p>\n","protected":false},"excerpt":{"rendered":"<p>Ein Diskussionsbeitrag f\u00fcr eine Kreislaufwirtschaft mit Kunststoffen moderiert von <a href=\"https:\/\/plasticseurope.org\/de\/\" target=\"_blank\" rel=\"noreferrer noopener\">PlasticsEurope Deutschland e.V.<\/a><\/p>\n<p>Mit der erforderlichen Transformation in eine Kreislaufwirtschaft mit Kunststoffen steht die Kunststoffbranche vor einem tiefgreifenden Paradigmenwechsel. Wir m\u00f6chten diesen Wandel gerne vorantreiben. In der ersten Jahresh\u00e4lfte 2022 haben im Rahmen einer Initiative von PlasticsEurope Deutschland e. V. ausgewiesene und f\u00fchrende Experten im Bereich der Kreislaufwirtschaft mit Kunststoffen in intensiven Beratungen Handlungsempfehlungen f\u00fcr die im Koalitionsvertrag angek\u00fcndigte Nationale Kreislaufwirtschaftsstrategie erarbeitet. Plastics Europe Deutschland nahm in diesem Er\u00f6rterungsprozess ausschlie\u00dflich eine Moderatorenrolle ein, um Handlungsempfehlungen auf technisch-wissenschaftlicher Basis zu gew\u00e4hrleisten.<\/p>\n<p>Mit diesem Papier m\u00f6chten wir einen Diskussionsprozess ansto\u00dfen und die Kreislaufwirtschaftsstrategie und somit auch den Transformationspfad aktiv begleiten.<\/p>\n","protected":false},"featured_media":103368,"template":"","meta":{"qubely_global_settings":"","qubely_interactions":"","_seopress_robots_primary_cat":"none","_uag_custom_page_level_css":""},"product_brand":[],"product_cat":[48],"product_tag":[357],"renewable-carbon":[66],"publication-type":[70],"class_list":{"0":"post-103367","1":"product","2":"type-product","3":"status-publish","4":"has-post-thumbnail","6":"product_cat-policy","7":"product_tag-kreislaufwirtschaftplus22","8":"renewable-carbon-recycling","9":"publication-type-reports","11":"first","12":"instock","13":"downloadable","14":"virtual","15":"sold-individually","16":"product-type-simple"},"bundle_layout":"","bundled_by":[],"bundled_items":[],"uagb_featured_image_src":{"full":["https:\/\/renewable-carbon.eu\/publications\/wp-content\/uploads\/2022\/10\/Handlungsempfehlungen-fuer-die-Kreislaufwirtschaftsstrategie.png",431,610,false],"thumbnail":["https:\/\/renewable-carbon.eu\/publications\/wp-content\/uploads\/2022\/10\/Handlungsempfehlungen-fuer-die-Kreislaufwirtschaftsstrategie-106x150.png",106,150,true],"medium":["https:\/\/renewable-carbon.eu\/publications\/wp-content\/uploads\/2022\/10\/Handlungsempfehlungen-fuer-die-Kreislaufwirtschaftsstrategie-212x300.png",212,300,true],"medium_large":["https:\/\/renewable-carbon.eu\/publications\/wp-content\/uploads\/2022\/10\/Handlungsempfehlungen-fuer-die-Kreislaufwirtschaftsstrategie.png",431,610,false],"large":["https:\/\/renewable-carbon.eu\/publications\/wp-content\/uploads\/2022\/10\/Handlungsempfehlungen-fuer-die-Kreislaufwirtschaftsstrategie.png",431,610,false],"1536x1536":["https:\/\/renewable-carbon.eu\/publications\/wp-content\/uploads\/2022\/10\/Handlungsempfehlungen-fuer-die-Kreislaufwirtschaftsstrategie.png",431,610,false],"2048x2048":["https:\/\/renewable-carbon.eu\/publications\/wp-content\/uploads\/2022\/10\/Handlungsempfehlungen-fuer-die-Kreislaufwirtschaftsstrategie.png",431,610,false],"qubely_landscape":["https:\/\/renewable-carbon.eu\/publications\/wp-content\/uploads\/2022\/10\/Handlungsempfehlungen-fuer-die-Kreislaufwirtschaftsstrategie.png",431,610,false],"qubely_portrait":["https:\/\/renewable-carbon.eu\/publications\/wp-content\/uploads\/2022\/10\/Handlungsempfehlungen-fuer-die-Kreislaufwirtschaftsstrategie-431x320.png",431,320,true],"qubely_thumbnail":["https:\/\/renewable-carbon.eu\/publications\/wp-content\/uploads\/2022\/10\/Handlungsempfehlungen-fuer-die-Kreislaufwirtschaftsstrategie-140x100.png",140,100,true],"mega-menu":["https:\/\/renewable-carbon.eu\/publications\/wp-content\/uploads\/2022\/10\/Handlungsempfehlungen-fuer-die-Kreislaufwirtschaftsstrategie-191x270.png",191,270,true],"blog-teaser":["https:\/\/renewable-carbon.eu\/publications\/wp-content\/uploads\/2022\/10\/Handlungsempfehlungen-fuer-die-Kreislaufwirtschaftsstrategie-380x245.png",380,245,true],"woocommerce_thumbnail":["https:\/\/renewable-carbon.eu\/publications\/wp-content\/uploads\/2022\/10\/Handlungsempfehlungen-fuer-die-Kreislaufwirtschaftsstrategie-100x141.png",100,141,true],"woocommerce_single":["https:\/\/renewable-carbon.eu\/publications\/wp-content\/uploads\/2022\/10\/Handlungsempfehlungen-fuer-die-Kreislaufwirtschaftsstrategie.png",431,610,false],"woocommerce_gallery_thumbnail":["https:\/\/renewable-carbon.eu\/publications\/wp-content\/uploads\/2022\/10\/Handlungsempfehlungen-fuer-die-Kreislaufwirtschaftsstrategie-200x200.png",200,200,true],"sow-carousel-default":["https:\/\/renewable-carbon.eu\/publications\/wp-content\/uploads\/2022\/10\/Handlungsempfehlungen-fuer-die-Kreislaufwirtschaftsstrategie-272x182.png",272,182,true]},"uagb_author_info":{"display_name":"Dominik Vogt","author_link":"https:\/\/renewable-carbon.eu\/publications\/author\/"},"uagb_comment_info":0,"uagb_excerpt":"Ein Diskussionsbeitrag f\u00fcr eine Kreislaufwirtschaft mit Kunststoffen moderiert von PlasticsEurope Deutschland e.V. Mit der erforderlichen Transformation in eine Kreislaufwirtschaft mit Kunststoffen steht die Kunststoffbranche vor einem tiefgreifenden Paradigmenwechsel. Wir m\u00f6chten diesen Wandel gerne vorantreiben. In der ersten Jahresh\u00e4lfte 2022 haben im Rahmen einer Initiative von PlasticsEurope Deutschland e. V. ausgewiesene und f\u00fchrende Experten im Bereich&hellip;","_links":{"self":[{"href":"https:\/\/renewable-carbon.eu\/publications\/wp-json\/wp\/v2\/product\/103367","targetHints":{"allow":["GET"]}}],"collection":[{"href":"https:\/\/renewable-carbon.eu\/publications\/wp-json\/wp\/v2\/product"}],"about":[{"href":"https:\/\/renewable-carbon.eu\/publications\/wp-json\/wp\/v2\/types\/product"}],"wp:featuredmedia":[{"embeddable":true,"href":"https:\/\/renewable-carbon.eu\/publications\/wp-json\/wp\/v2\/media\/103368"}],"wp:attachment":[{"href":"https:\/\/renewable-carbon.eu\/publications\/wp-json\/wp\/v2\/media?parent=103367"}],"wp:term":[{"taxonomy":"product_brand","embeddable":true,"href":"https:\/\/renewable-carbon.eu\/publications\/wp-json\/wp\/v2\/product_brand?post=103367"},{"taxonomy":"product_cat","embeddable":true,"href":"https:\/\/renewable-carbon.eu\/publications\/wp-json\/wp\/v2\/product_cat?post=103367"},{"taxonomy":"product_tag","embeddable":true,"href":"https:\/\/renewable-carbon.eu\/publications\/wp-json\/wp\/v2\/product_tag?post=103367"},{"taxonomy":"renewable-carbon","embeddable":true,"href":"https:\/\/renewable-carbon.eu\/publications\/wp-json\/wp\/v2\/renewable-carbon?post=103367"},{"taxonomy":"publication-type","embeddable":true,"href":"https:\/\/renewable-carbon.eu\/publications\/wp-json\/wp\/v2\/publication-type?post=103367"}],"curies":[{"name":"wp","href":"https:\/\/api.w.org\/{rel}","templated":true}]}}