{"id":12,"date":"2020-07-11T22:09:11","date_gmt":"2020-07-11T22:09:11","guid":{"rendered":"https:\/\/renewable-carbon.eu\/publications\/legal_information\/"},"modified":"2026-03-23T13:44:41","modified_gmt":"2026-03-23T12:44:41","slug":"legal_information","status":"publish","type":"page","link":"https:\/\/renewable-carbon.eu\/publications\/legal_information\/","title":{"rendered":"Legal Information"},"content":{"rendered":"<p>nova-Institut f\u00fcr politische und \u00f6kologische Innovation GmbH<br \/>\nLeyboldstra\u00dfe 16<br \/>\n50354 Huerth, Germany<br \/>\ntel. + +49 2233 460 14 00<br \/>\nemail\u00a0<a href=\"mailto:contact@nova-Institut.de\" target=\"_blank\" rel=\"noopener noreferrer\">contact@nova-institut.de<\/a><br \/>\ninternet\u00a0<a href=\"http:\/\/www.nova-institut.eu\/\" target=\"_blank\" rel=\"noopener noreferrer\">www.nova-institut.eu<\/a><\/p>\n<p>Managing Directors <u>authorised<\/u> to represent: Linda Engel, Lars B\u00f6rger and Dirk Schubert<\/p>\n<p>Court of Registration: Local Court of Cologne \u00b7\u00a0Registration No.: HRB 44144<br \/>\nSales Tax Ident No. pursuant of \u00a7 27a German Sales Tax Law: DE 811827699<\/p>\n<p>Content responsibility accord. to \u00a7 6 MDStV: Michael Carus<\/p>\n<p>Liability note: Despite of most diligent content control, we do not accept any liability for the contents of external links. For the contents of the linked sites, solely their operators are responsible.<\/p>\n<p><i class=\"\">The European Union offers a portal for extra-judicial online dispute resolution, available at\u00a0<a class=\"\" href=\"http:\/\/www.ec.europa.eu\/consumers\/odr\">www.ec.europa.eu\/consumers\/odr<\/a>. You can find our email address in the impressum. A list with contact details of recognized arbitration boards can be found at\u00a0<a class=\"\" href=\"https:\/\/ec.europa.eu\/consumers\/odr\/main\/index.cfm?event=main.adr.show\">https:\/\/ec.europa.eu\/consumers\/odr\/main\/index.cfm?event=main.adr.show<\/a><\/i><\/p>\n","protected":false},"excerpt":{"rendered":"<p>nova-Institut f\u00fcr politische und \u00f6kologische Innovation GmbH Leyboldstra\u00dfe 16 50354 Huerth, Germany tel. + +49 2233 460 14 00 email\u00a0contact@nova-institut.de internet\u00a0www.nova-institut.eu Managing Directors authorised to represent: Linda Engel, Lars B\u00f6rger and Dirk Schubert Court of Registration: Local Court of Cologne \u00b7\u00a0Registration No.: HRB 44144 Sales Tax Ident No. pursuant of \u00a7 27a German Sales Tax [&#8230;] <a href=\"https:\/\/renewable-carbon.eu\/publications\/legal_information\/\">read more<\/a><\/p>\n","protected":false},"author":1,"featured_media":0,"parent":0,"menu_order":0,"comment_status":"closed","ping_status":"closed","template":"","meta":{"qubely_global_settings":"","qubely_interactions":"","_seopress_robots_primary_cat":"","_uag_custom_page_level_css":"","footnotes":""},"class_list":["post-12","page","type-page","status-publish","hentry"],"uagb_featured_image_src":{"full":false,"thumbnail":false,"medium":false,"medium_large":false,"large":false,"1536x1536":false,"2048x2048":false,"qubely_landscape":false,"qubely_portrait":false,"qubely_thumbnail":false,"mega-menu":false,"blog-teaser":false,"woocommerce_thumbnail":false,"woocommerce_single":false,"woocommerce_gallery_thumbnail":false,"sow-carousel-default":false},"uagb_author_info":{"display_name":"Daniel Steeg","author_link":"https:\/\/renewable-carbon.eu\/publications\/author\/ds\/"},"uagb_comment_info":0,"uagb_excerpt":"nova-Institut f\u00fcr politische und \u00f6kologische Innovation GmbH Leyboldstra\u00dfe 16 50354 Huerth, Germany tel. + +49 2233 460 14 00 email\u00a0contact@nova-institut.de internet\u00a0www.nova-institut.eu Managing Directors authorised to represent: Linda Engel, Lars B\u00f6rger and Dirk Schubert Court of Registration: Local Court of Cologne \u00b7\u00a0Registration No.: HRB 44144 Sales Tax Ident No. pursuant of \u00a7 27a German Sales Tax&hellip;","_links":{"self":[{"href":"https:\/\/renewable-carbon.eu\/publications\/wp-json\/wp\/v2\/pages\/12","targetHints":{"allow":["GET"]}}],"collection":[{"href":"https:\/\/renewable-carbon.eu\/publications\/wp-json\/wp\/v2\/pages"}],"about":[{"href":"https:\/\/renewable-carbon.eu\/publications\/wp-json\/wp\/v2\/types\/page"}],"author":[{"embeddable":true,"href":"https:\/\/renewable-carbon.eu\/publications\/wp-json\/wp\/v2\/users\/1"}],"replies":[{"embeddable":true,"href":"https:\/\/renewable-carbon.eu\/publications\/wp-json\/wp\/v2\/comments?post=12"}],"version-history":[{"count":6,"href":"https:\/\/renewable-carbon.eu\/publications\/wp-json\/wp\/v2\/pages\/12\/revisions"}],"predecessor-version":[{"id":378241,"href":"https:\/\/renewable-carbon.eu\/publications\/wp-json\/wp\/v2\/pages\/12\/revisions\/378241"}],"wp:attachment":[{"href":"https:\/\/renewable-carbon.eu\/publications\/wp-json\/wp\/v2\/media?parent=12"}],"curies":[{"name":"wp","href":"https:\/\/api.w.org\/{rel}","templated":true}]}}