{"id":17001,"date":"2013-10-01T02:36:31","date_gmt":"2013-10-01T00:36:31","guid":{"rendered":"https:\/\/renewable-carbon.eu\/news\/?page_id=17001"},"modified":"2026-04-09T15:12:16","modified_gmt":"2026-04-09T13:12:16","slug":"contact-imprint","status":"publish","type":"page","link":"https:\/\/renewable-carbon.eu\/news\/contact-imprint\/","title":{"rendered":"Contact &#038; Imprint"},"content":{"rendered":"\n<h2 class=\"wp-block-heading\">www.renewable-carbon.eu\/news<\/h2>\n\n\n\n<p><\/p>\n\n\n\n<p><\/p>\n\n\n\n<h2 class=\"wp-block-heading\">Contact<\/h2>\n\n\n\n<p>If your company or organisation has interesting news on bio- and CO<sub>2<\/sub>-based economy or chemical recycling, please feel free to send your press release to our editors at \u201c<a rel=\"noopener\" href=\"mailto:news@nova-institut.de\" target=\"_blank\">news@nova-institut.de<\/a>\u201c.<\/p>\n\n\n\n<p>In case you want to provide positions or comments on important questions of the renewable carbon economy, please send them directly to Michael Carus (<a href=\"Mailto:michael.carus@nova-institut.de\">michael.carus@nova-institut.de<\/a>), I will forward them to the editorial team.<\/p>\n\n\n\n<p>Your feedback is important to us and we would be happy to adapt the portal according to your needs.<\/p>\n\n\n\n<h5 class=\"wp-block-heading\">Editorial Team<\/h5>\n\n\n\n<p>Michael Carus (Managing Director, content responsibility)<br>Linda Engel (Chief Editor)<br>Marion Kupfer<br>Asta Partanen<\/p>\n\n\n\n<p>Helpful suggestions as well as constructive criticism are always welcome \u2013 we strive to further improve our service in dialogue with you, adjusting it to your wishes and needs.<\/p>\n\n\n\n<p>nova-Institute is a private and independent research institute, founded in 1994; nova offers research and consultancy with a focus on the transition of the chemical and material industry to renewable carbon: How to substitute fossil carbon with biomass, direct CO<sub>2<\/sub>&nbsp;utilisation and recycling.&nbsp;We offer our unique understanding to support the transition of your business into a climate-neutral future.&nbsp;<\/p>\n\n\n\n<h2 class=\"wp-block-heading\">Imprint<\/h2>\n\n\n\n<p>nova-Institut f\u00fcr politische und \u00f6kologische Innovation GmbH<br>Leyboldstra\u00dfe 16<br>50354 H\u00fcrth, Germany<br>Phone: +49 (0) 2233 460 14 00<br>Fax: +49 (0) 2233 460 14 00<br>E-mail: <a href=\"mailto:contact@nova-institut.de\">contact@nova-institut.de<\/a><\/p>\n\n\n<div class=\"wp-block-image\">\n<figure class=\"alignleft size-full is-resized\"><img loading=\"lazy\" decoding=\"async\" width=\"581\" height=\"537\" src=\"https:\/\/renewable-carbon.eu\/news\/media\/2024\/03\/nova-logo.png\" alt=\"Logo - nova-Institute\" class=\"wp-image-141555\" style=\"aspect-ratio:1.0819366852886405;width:144px;height:auto\" srcset=\"https:\/\/renewable-carbon.eu\/news\/media\/2024\/03\/nova-logo.png 581w, https:\/\/renewable-carbon.eu\/news\/media\/2024\/03\/nova-logo-300x277.png 300w, https:\/\/renewable-carbon.eu\/news\/media\/2024\/03\/nova-logo-150x139.png 150w, https:\/\/renewable-carbon.eu\/news\/media\/2024\/03\/nova-logo-292x270.png 292w\" sizes=\"auto, (max-width: 581px) 100vw, 581px\" \/><\/figure><\/div>\n\n\n<p>Managing Directors authorized to represent: Lars B\u00f6rger, Linda Engel, Dirk Schubert<br><em>Court of Registration: Local Court of Cologne<\/em><br><em>Registration No.: HRB 44144<\/em><br><em>Sales Tax Ident No. pursuant of \u00a7 27a German Sales Tax Law: DE 811827699<\/em><br><em>Content responsibility accord. to \u00a7 6 MDStV: Michael Carus<\/em><\/p>\n\n\n\n<p>Liability note: Despite of most diligent content control, we do not accept any liability for the contents of external links. For the contents of the linked sites, solely their operators are responsible.<\/p>\n\n\n\n<p><\/p>\n\n\n\n<div id=\"footer\">\n<p style=\"text-align: left;\">The online news service <a href=\"https:\/\/renewable-carbon.eu\/news\">www.renewable-carbon.eu\/news<\/a> is a service of the <a href=\"http:\/\/www.nova-institut.de\/bio\">nova-Institut GmbH (Germany)<\/a>.<\/p>\n<\/div>\n","protected":false},"excerpt":{"rendered":"<p>www.renewable-carbon.eu\/news Contact If your company or organisation has interesting news on bio- and CO2-based economy or chemical recycling, please feel free to send your press release to our editors at \u201cnews@nova-institut.de\u201c. In case you want to provide positions or comments on important questions of the renewable carbon economy, please send them directly to Michael Carus [&#8230;]<\/p>\n","protected":false},"author":2,"featured_media":0,"parent":0,"menu_order":0,"comment_status":"closed","ping_status":"closed","template":"","meta":{"_seopress_robots_primary_cat":"","nova_meta_subtitle":"","footnotes":""},"class_list":["post-17001","page","type-page","status-publish","hentry"],"_links":{"self":[{"href":"https:\/\/renewable-carbon.eu\/news\/wp-json\/wp\/v2\/pages\/17001","targetHints":{"allow":["GET"]}}],"collection":[{"href":"https:\/\/renewable-carbon.eu\/news\/wp-json\/wp\/v2\/pages"}],"about":[{"href":"https:\/\/renewable-carbon.eu\/news\/wp-json\/wp\/v2\/types\/page"}],"author":[{"embeddable":true,"href":"https:\/\/renewable-carbon.eu\/news\/wp-json\/wp\/v2\/users\/2"}],"replies":[{"embeddable":true,"href":"https:\/\/renewable-carbon.eu\/news\/wp-json\/wp\/v2\/comments?post=17001"}],"version-history":[{"count":1,"href":"https:\/\/renewable-carbon.eu\/news\/wp-json\/wp\/v2\/pages\/17001\/revisions"}],"predecessor-version":[{"id":175721,"href":"https:\/\/renewable-carbon.eu\/news\/wp-json\/wp\/v2\/pages\/17001\/revisions\/175721"}],"wp:attachment":[{"href":"https:\/\/renewable-carbon.eu\/news\/wp-json\/wp\/v2\/media?parent=17001"}],"curies":[{"name":"wp","href":"https:\/\/api.w.org\/{rel}","templated":true}]}}